{"id":922,"date":"2017-12-06T00:11:36","date_gmt":"2017-12-05T23:11:36","guid":{"rendered":"http:\/\/tsvplattling.de\/?page_id=922"},"modified":"2024-11-01T18:17:12","modified_gmt":"2024-11-01T17:17:12","slug":"kinderskikurse","status":"publish","type":"page","link":"https:\/\/www.tsvplattling.de\/index.php\/abteilungen\/skisport\/kinderskikurse\/","title":{"rendered":"Kinderskikurse 2025"},"content":{"rendered":"<p><strong><span style=\"color: #ff0000;\">In der Saison 2024\/2025 k\u00f6nnen keine Skikurse angeboten werden.<\/span><\/strong><\/p>\n<p><del><strong>Termin f\u00fcr die Skikurse: Samstag 04. sowie Sonntag 05. Februar 2023.<\/strong><\/del><\/p>\n<ul>\n<li><del>1 Wochenende &#8211; <strong>3 Gruppen<\/strong> &#8211; 5 Stunden Skifahren<\/del><\/li>\n<\/ul>\n<p><del>Alle K\u00f6nnensstufen werden an diesem Wochenende optimal bedient. Die Anlagen am <a href=\"https:\/\/www.steinberglift.de\/\">Steinberglift in Langfurth<\/a> bieten hierf\u00fcr hervorragende Bedingungen.<\/del><\/p>\n<ul>\n<li><del>Haupthang mit Schlepplift<\/del><\/li>\n<li><del>Gro\u00dfes Kinderland mit Zauberteppich 110m<\/del><\/li>\n<li><del>Kleines Kinderland mit kurzem Zauberteppich<\/del><\/li>\n<\/ul>\n<p><del><u>Kursgeb\u00fchr: 65,- Euro<\/u><\/del><\/p>\n<p><del>Online Anmeldung bis sp\u00e4testens 16. Januar 2020 unter diesem <a href=\"http:\/\/tsvplattling.de\/index.php\/abteilungen\/skisport\/skikurs\/\">Link<\/a>!<\/del><\/p>\n<p>Das Mindestalter sind 5 Jahre!<\/p>\n<h2>Weitere Hinweise<\/h2>\n<p>Dieses Jahr kann ggf. keine Fahrt im Kleinbus angeboten werden; Infos folgen 1 Woche vor dem Skikurs nach Update des bayer. Infektionsschutzgesetz, (vorauss. 12. Januar 2022).<\/p>\n<p>Treffpunkt am Parkplatz Steinberglift: 9:45 Uhr<\/p>\n<p>Die Kursgeb\u00fchren beinhalten folgende Leistungen:<\/p>\n<ul>\n<li>Betreuung und Ausbildung durch zertifizierte Skilehrer<\/li>\n<li><del>Fahrt im Kleinbus nach Langfurth und zur\u00fcck (Abfahrt und Ankunft: Volksfestplatz Plattling)<\/del><\/li>\n<li>Versicherung durch den BLSV<\/li>\n<li>Liftkarten<\/li>\n<li>Abschlussrennen<\/li>\n<li>Urkunden und Medaille f\u00fcr den Sieger des Abschlussrennens<\/li>\n<\/ul>\n<p><del>Abfahrt um 09:00 Uhr am Volksfestplatz Plattling \u2013 R\u00fcckkehr gegen 16:00 Uhr.<\/del><\/p>\n<p>F\u00fcr das Mittagessen gebt euren Kindern bitte 10,- Euro mit.<\/p>\n<p>Die Familien sind f\u00fcr das Abschlussrennen am Sonntag (gegen 14:00 Uhr) sehr willkommen!<\/p>\n<hr \/>\n<h2>N\u00e4here Beschreibung der Gruppen<\/h2>\n<p><u>Anf\u00e4nger:<\/u><strong><br \/>\n<\/strong>Euer Kind ist Anf\u00e4nger auf Ski und hat keine oder wenig Erfahrung mit Schnee und Material.<\/p>\n<p><u>Fortgeschrittene:<\/u><br \/>\nEuer Kind hat bereits erste Erfahrungen mit Schnee und Ski, steht relativ sicher und kann bereits bewusst Kurven fahren und Bremsen.<\/p>\n<p><u>Ge\u00fcbte:<\/u><br \/>\nEuer Kind f\u00e4hrt eigenst\u00e4ndig Lift, steht sicher auf den Ski und setzt auch bereits bewusst die Kanten ein. Dieser Kurs baut auf den Fortgeschrittenen-Kurs auf.<\/p>\n<h2>Ausleihe Skiausr\u00fcstung<a class=\"fbx-instance fbx-link\" href=\"http:\/\/tsvplattling.de\/wp-content\/uploads\/2019\/12\/Logo-Profi-Sport-Markmiller.png\"><img loading=\"lazy\" decoding=\"async\" class=\"size-medium wp-image-1952 alignright\" src=\"http:\/\/tsvplattling.de\/wp-content\/uploads\/2019\/12\/Logo-Profi-Sport-Markmiller-300x212.png\" alt=\"\" width=\"300\" height=\"212\" srcset=\"https:\/\/www.tsvplattling.de\/wp-content\/uploads\/2019\/12\/Logo-Profi-Sport-Markmiller-300x212.png 300w, https:\/\/www.tsvplattling.de\/wp-content\/uploads\/2019\/12\/Logo-Profi-Sport-Markmiller-768x543.png 768w, https:\/\/www.tsvplattling.de\/wp-content\/uploads\/2019\/12\/Logo-Profi-Sport-Markmiller-1024x724.png 1024w, https:\/\/www.tsvplattling.de\/wp-content\/uploads\/2019\/12\/Logo-Profi-Sport-Markmiller-1320x933.png 1320w\" sizes=\"auto, (max-width: 300px) 100vw, 300px\" \/><\/a><\/h2>\n<p>Der TSV Plattling hat eine enge Kooperation mit <strong>PROFI-Sport Markmiller<\/strong> in Deggendorf. Hier k\u00f6nnen f\u00fcr die Skikurse die Ausr\u00fcstung der Kinder g\u00fcnstig geliehen werden &#8211; Preisliste f\u00fcr die Saison 2019\/2020 siehe unten.<\/p>\n<p>Bei unserem Partner ist selbsterverst\u00e4ndlich dass die Bindungen der Skikursteilnehmer fachgerecht eingestellt werden, sowie die Ski selbst sind technisch auf dem aktuellsten Stand. So ist die Sicherheit der Kinder gew\u00e4hrleistet.<\/p>\n<p>Sehr empfehlenswert ist die Leihe f\u00fcr die ganze Saison &#8211; so k\u00f6nnen die Kids auch nach dem Skikurs an ihren Techniken feilen.<\/p>\n<p><!--more--><a class=\"fbx-instance fbx-link\" href=\"http:\/\/tsvplattling.de\/wp-content\/uploads\/2019\/12\/Skiverleih.jpg\"><img loading=\"lazy\" decoding=\"async\" class=\" wp-image-1955 aligncenter\" src=\"http:\/\/tsvplattling.de\/wp-content\/uploads\/2019\/12\/Skiverleih-300x269.jpg\" alt=\"\" width=\"477\" height=\"428\" srcset=\"https:\/\/www.tsvplattling.de\/wp-content\/uploads\/2019\/12\/Skiverleih-300x269.jpg 300w, https:\/\/www.tsvplattling.de\/wp-content\/uploads\/2019\/12\/Skiverleih-768x689.jpg 768w, https:\/\/www.tsvplattling.de\/wp-content\/uploads\/2019\/12\/Skiverleih-1024x919.jpg 1024w, https:\/\/www.tsvplattling.de\/wp-content\/uploads\/2019\/12\/Skiverleih.jpg 1137w\" sizes=\"auto, (max-width: 477px) 100vw, 477px\" \/><\/a><\/p>\n","protected":false},"excerpt":{"rendered":"<p>In der Saison 2024\/2025 k\u00f6nnen keine Skikurse angeboten werden. Termin f\u00fcr die Skikurse: Samstag 04. sowie Sonntag 05. Februar 2023. 1 Wochenende &#8211; 3 Gruppen &#8211; 5 Stunden Skifahren Alle K\u00f6nnensstufen werden an diesem Wochenende optimal bedient. Die Anlagen am<\/p>\n","protected":false},"author":1,"featured_media":0,"parent":304,"menu_order":0,"comment_status":"closed","ping_status":"closed","template":"","meta":{"footnotes":""},"class_list":["post-922","page","type-page","status-publish","hentry"],"_links":{"self":[{"href":"https:\/\/www.tsvplattling.de\/index.php\/wp-json\/wp\/v2\/pages\/922","targetHints":{"allow":["GET"]}}],"collection":[{"href":"https:\/\/www.tsvplattling.de\/index.php\/wp-json\/wp\/v2\/pages"}],"about":[{"href":"https:\/\/www.tsvplattling.de\/index.php\/wp-json\/wp\/v2\/types\/page"}],"author":[{"embeddable":true,"href":"https:\/\/www.tsvplattling.de\/index.php\/wp-json\/wp\/v2\/users\/1"}],"replies":[{"embeddable":true,"href":"https:\/\/www.tsvplattling.de\/index.php\/wp-json\/wp\/v2\/comments?post=922"}],"version-history":[{"count":23,"href":"https:\/\/www.tsvplattling.de\/index.php\/wp-json\/wp\/v2\/pages\/922\/revisions"}],"predecessor-version":[{"id":3175,"href":"https:\/\/www.tsvplattling.de\/index.php\/wp-json\/wp\/v2\/pages\/922\/revisions\/3175"}],"up":[{"embeddable":true,"href":"https:\/\/www.tsvplattling.de\/index.php\/wp-json\/wp\/v2\/pages\/304"}],"wp:attachment":[{"href":"https:\/\/www.tsvplattling.de\/index.php\/wp-json\/wp\/v2\/media?parent=922"}],"curies":[{"name":"wp","href":"https:\/\/api.w.org\/{rel}","templated":true}]}}