{"id":36,"date":"2015-10-04T23:35:23","date_gmt":"2015-10-04T21:35:23","guid":{"rendered":"http:\/\/tsvplattling.de\/?page_id=36"},"modified":"2020-02-10T22:37:18","modified_gmt":"2020-02-10T21:37:18","slug":"impressum","status":"publish","type":"page","link":"https:\/\/www.tsvplattling.de\/index.php\/impressum\/","title":{"rendered":"Impressum"},"content":{"rendered":"<p>Die Webseite <a href=\"http:\/\/www.tsvplattling.de\/\">www.tsvplattling.de<\/a> wird vom TSV Plattling e.V. von 1863 herausgegeben.<\/p>\n<h2>Verantwortlicher<\/h2>\n<p>TSV Plattling e.V.<br \/>\nThomas Emberger<br \/>\nH\u00f6henrain-Hoffeld 33<\/p>\n<p>94447 Plattling<br \/>\nMobil: 0171\/4275627<br \/>\n<a href=\"mailto:info@tsvplattling.de\">info@tsvplattling.de<\/a><\/p>\n<p>Alle Informationen sind nach bestem Wissen und Gewissen erstellt. F\u00fcr die Richtigkeit und Vollst\u00e4ndigkeit der Daten sowie die technische Funktion wird keine Gew\u00e4hr \u00fcbernommen. Der TSV Plattling e. V. von 1863 \u00fcbernimmt keinerlei Garantie und Verantwortung f\u00fcr den Inhalt anderer Webseiten, die \u00fcber diese Seite erreicht werden k\u00f6nnen. Links auf solche Seiten dienen nur dem Komfort der Nutzerinnen und Nutzer und bedeuten nicht, dass der TSV Plattling e. V. von 1863 sich mit den dort dargestellten Inhalten einverstanden erkl\u00e4rt. Die Inhalte dieser Web-Pr\u00e4senz sind urheberrechtlich gesch\u00fctzt. Eine private Nutzung ist ausdr\u00fccklich erlaubt. Eine Weitergabe der Inhalte an Dritte ohne finanzielle Absichten ist ebenfalls erlaubt und erw\u00fcnscht. Voraussetzung ist allerdings eine deutliche Quellenangabe. Eine kommerzielle Nutzung jeglicher Art (Einbindung in die eigenen Web-Pr\u00e4senzen, etc.) ohne einer schriftlichen Zustimmung unsererseits ist nicht gestattet.<\/p>\n<h2>Haftungsausschluss<\/h2>\n<p>Die bereitgestellten Informationen in diesem Projekt wurden sorgf\u00e4ltig gepr\u00fcft und werden regelm\u00e4\u00dfig aktualisiert. Jedoch kann keine Garantie daf\u00fcr \u00fcbernommen werden, dass alle Angaben zu jeder Zeit vollst\u00e4ndig, richtig und in letzter Aktualit\u00e4t dargestellt sind. Dies gilt insbesondere f\u00fcr alle Verbindungen (&#8222;Links&#8220;) zu anderen Web Sites, auf die direkt oder indirekt verwiesen wird. Alle Angaben k\u00f6nnen ohne vorherige Ank\u00fcndigung erg\u00e4nzt, entfernt oder ge\u00e4ndert werden. Au\u00dferdem distanzieren wir uns von verfassungsfeindlichen und\/oder pornographischen Inhalten.<\/p>\n<h2>Wichtiger Hinweis zu allen Links<\/h2>\n<p>Mit Urteil vom 12. Mai 1998 &#8211; 312 O 85\/98 &#8211; &#8222;Haftung f\u00fcr Links&#8220; hat das Landgericht (LG) Hamburg entschieden, dass man durch die Anbringung eines Links, die Inhalte der gelinkten Seite ggf. mit zu verantworten hat. Dies kann &#8211; so das LG &#8211; nur dadurch verhindert werden, dass man sich ausdr\u00fccklich von diesen Inhalten distanziert. Hiermit distanzieren wir uns ausdr\u00fccklich von allen Inhalten aller gelinkten Seiten auf unserer Homepage und machen uns diese Inhalte nicht zu eigen. Diese Erkl\u00e4rung gilt f\u00fcr alle in diesem Projekt angebrachten Links.<\/p>\n","protected":false},"excerpt":{"rendered":"<p>Die Webseite www.tsvplattling.de wird vom TSV Plattling e.V. von 1863 herausgegeben. Verantwortlicher TSV Plattling e.V. Thomas Emberger H\u00f6henrain-Hoffeld 33 94447 Plattling Mobil: 0171\/4275627 info@tsvplattling.de Alle Informationen sind nach bestem Wissen und Gewissen erstellt. F\u00fcr die Richtigkeit und Vollst\u00e4ndigkeit der Daten<\/p>\n","protected":false},"author":1,"featured_media":0,"parent":0,"menu_order":0,"comment_status":"closed","ping_status":"closed","template":"","meta":{"footnotes":""},"class_list":["post-36","page","type-page","status-publish","hentry"],"_links":{"self":[{"href":"https:\/\/www.tsvplattling.de\/index.php\/wp-json\/wp\/v2\/pages\/36","targetHints":{"allow":["GET"]}}],"collection":[{"href":"https:\/\/www.tsvplattling.de\/index.php\/wp-json\/wp\/v2\/pages"}],"about":[{"href":"https:\/\/www.tsvplattling.de\/index.php\/wp-json\/wp\/v2\/types\/page"}],"author":[{"embeddable":true,"href":"https:\/\/www.tsvplattling.de\/index.php\/wp-json\/wp\/v2\/users\/1"}],"replies":[{"embeddable":true,"href":"https:\/\/www.tsvplattling.de\/index.php\/wp-json\/wp\/v2\/comments?post=36"}],"version-history":[{"count":6,"href":"https:\/\/www.tsvplattling.de\/index.php\/wp-json\/wp\/v2\/pages\/36\/revisions"}],"predecessor-version":[{"id":2021,"href":"https:\/\/www.tsvplattling.de\/index.php\/wp-json\/wp\/v2\/pages\/36\/revisions\/2021"}],"wp:attachment":[{"href":"https:\/\/www.tsvplattling.de\/index.php\/wp-json\/wp\/v2\/media?parent=36"}],"curies":[{"name":"wp","href":"https:\/\/api.w.org\/{rel}","templated":true}]}}