{"id":302,"date":"2016-01-29T23:49:56","date_gmt":"2016-01-29T22:49:56","guid":{"rendered":"http:\/\/tsvplattling.de\/?page_id=302"},"modified":"2023-03-30T20:27:05","modified_gmt":"2023-03-30T18:27:05","slug":"rollstuhlsport","status":"publish","type":"page","link":"https:\/\/www.tsvplattling.de\/index.php\/abteilungen\/rollstuhlsport\/","title":{"rendered":"Rollstuhlsport"},"content":{"rendered":"<p><span style=\"font-family: Arial, sans-serif;\"><span style=\"font-size: medium;\">Aktuell nehmen zwei Mannschaften am Spielbetrieb des Deutschen Rollstuhlsportverbandes teil (2. Bundesliga S\u00fcd und Regionalliga S\u00fcd-Ost). Neben dem Mannschafts-Spielbetrieb sind gleichwohl die Tischtennis-Rollis im Einzel auf Bundesebene (Deutsche Meisterschaften, Bundesrangliste, Pokalturniere) \u00e4u\u00dferst erfolgreich und vielerorts in Deutschland anzutreffen. <\/span><\/span><span style=\"font-family: Arial, sans-serif;\"><span style=\"font-size: medium;\">Regelm\u00e4\u00dfig wird auch Hallenboccia trainiert und an Turnieren teilgenommen.<\/span><\/span><\/p>\n<p><span style=\"font-family: Arial, sans-serif;\"><span style=\"font-size: medium;\">Das Freizeitangebot der Abteilung Rollstuhlsport des TSV Plattling bietet den Rollis auch noch andere sportliche Veranstaltungen wie z.B. Kegeln oder Handbike. <\/span><\/span><span style=\"font-family: Arial, sans-serif;\"><span style=\"font-size: medium;\">Willkommen sind nicht nur Rollstuhlfahrer, sondern alle Menschen mit oder ohne Behinderung.<\/span><\/span><\/p>\n<p><span style=\"font-family: Arial, sans-serif;\"><span style=\"font-size: medium;\">Damit der gesellschaftliche Teil nicht zu kurz kommt, spendiert einmal im Monat ein Mitglied eine Brotzeit nach dem Training. Zum Jahresabschluss treffen sich die Rollis im November\/Dezember zur traditionellen Jahresabschlussfeier.<\/span><\/span><\/p>\n<p><span style=\"font-family: Arial, sans-serif;\"><span style=\"font-size: medium;\">Im M\u00e4rz 2023 wurde die Abteilung Rollstuhlsport zum Sportverein des Monats im Landkreis Deggendorf. Hier der Link zum Imagefilm: <\/span><\/span><span style=\"color: #0000ff;\"><u><a href=\"https:\/\/fb.watch\/jypkf0xrK8\/\"><span style=\"font-family: Arial, sans-serif;\">https:\/\/fb.watch\/jypkf0xrK8\/<\/span><\/a><\/u><\/span><\/p>\n<p><span style=\"text-decoration: underline;\">Ansprechpartner:<\/span><br \/>\nJosef Lerner<br \/>\nStephanstra\u00dfe 110<br \/>\n94034 Passau<br \/>\n0851 7562713<br \/>\n<a href=\"mailto:josef.lerner@gmx.de\">josef.lerner@gmx.de<\/a><\/p>\n<p><span style=\"text-decoration: underline;\">Trainingszeiten:<\/span><br \/>\nSommer:<br \/>\nDienstag, 17:30 &#8211; 20:00 Uhr<br \/>\nWinter:<br \/>\nDienstag, 16:30 &#8211; 19:00 Uhr<\/p>\n<p><span style=\"text-decoration: underline;\">Ort:<\/span><br \/>\nDreifachturnhalle Mittelschule Plattling<\/p>\n<p><a href=\"https:\/\/www.tsvplattling.de\/wp-content\/uploads\/2023\/03\/Bild_2.jpg\"><img loading=\"lazy\" decoding=\"async\" class=\"alignnone size-medium wp-image-2631\" src=\"https:\/\/www.tsvplattling.de\/wp-content\/uploads\/2023\/03\/Bild_2-290x300.jpg\" alt=\"\" width=\"290\" height=\"300\" srcset=\"https:\/\/www.tsvplattling.de\/wp-content\/uploads\/2023\/03\/Bild_2-290x300.jpg 290w, https:\/\/www.tsvplattling.de\/wp-content\/uploads\/2023\/03\/Bild_2-989x1024.jpg 989w, https:\/\/www.tsvplattling.de\/wp-content\/uploads\/2023\/03\/Bild_2-768x795.jpg 768w, https:\/\/www.tsvplattling.de\/wp-content\/uploads\/2023\/03\/Bild_2-1320x1367.jpg 1320w, https:\/\/www.tsvplattling.de\/wp-content\/uploads\/2023\/03\/Bild_2.jpg 1369w\" sizes=\"auto, (max-width: 290px) 100vw, 290px\" \/><\/a><\/p>\n<p><a href=\"https:\/\/www.tsvplattling.de\/wp-content\/uploads\/2023\/03\/IMG_1876-2-scaled.jpg\"><img loading=\"lazy\" decoding=\"async\" class=\"alignnone size-medium wp-image-2632\" src=\"https:\/\/www.tsvplattling.de\/wp-content\/uploads\/2023\/03\/IMG_1876-2-300x146.jpg\" alt=\"\" width=\"300\" height=\"146\" srcset=\"https:\/\/www.tsvplattling.de\/wp-content\/uploads\/2023\/03\/IMG_1876-2-300x146.jpg 300w, https:\/\/www.tsvplattling.de\/wp-content\/uploads\/2023\/03\/IMG_1876-2-1024x500.jpg 1024w, https:\/\/www.tsvplattling.de\/wp-content\/uploads\/2023\/03\/IMG_1876-2-768x375.jpg 768w, https:\/\/www.tsvplattling.de\/wp-content\/uploads\/2023\/03\/IMG_1876-2-1536x749.jpg 1536w, https:\/\/www.tsvplattling.de\/wp-content\/uploads\/2023\/03\/IMG_1876-2-2048x999.jpg 2048w, https:\/\/www.tsvplattling.de\/wp-content\/uploads\/2023\/03\/IMG_1876-2-1320x644.jpg 1320w\" sizes=\"auto, (max-width: 300px) 100vw, 300px\" \/><\/a><\/p>\n","protected":false},"excerpt":{"rendered":"<p>Aktuell nehmen zwei Mannschaften am Spielbetrieb des Deutschen Rollstuhlsportverbandes teil (2. Bundesliga S\u00fcd und Regionalliga S\u00fcd-Ost). Neben dem Mannschafts-Spielbetrieb sind gleichwohl die Tischtennis-Rollis im Einzel auf Bundesebene (Deutsche Meisterschaften, Bundesrangliste, Pokalturniere) \u00e4u\u00dferst erfolgreich und vielerorts in Deutschland anzutreffen. Regelm\u00e4\u00dfig wird<\/p>\n","protected":false},"author":1,"featured_media":0,"parent":272,"menu_order":0,"comment_status":"closed","ping_status":"closed","template":"","meta":{"footnotes":""},"class_list":["post-302","page","type-page","status-publish","hentry"],"_links":{"self":[{"href":"https:\/\/www.tsvplattling.de\/index.php\/wp-json\/wp\/v2\/pages\/302","targetHints":{"allow":["GET"]}}],"collection":[{"href":"https:\/\/www.tsvplattling.de\/index.php\/wp-json\/wp\/v2\/pages"}],"about":[{"href":"https:\/\/www.tsvplattling.de\/index.php\/wp-json\/wp\/v2\/types\/page"}],"author":[{"embeddable":true,"href":"https:\/\/www.tsvplattling.de\/index.php\/wp-json\/wp\/v2\/users\/1"}],"replies":[{"embeddable":true,"href":"https:\/\/www.tsvplattling.de\/index.php\/wp-json\/wp\/v2\/comments?post=302"}],"version-history":[{"count":5,"href":"https:\/\/www.tsvplattling.de\/index.php\/wp-json\/wp\/v2\/pages\/302\/revisions"}],"predecessor-version":[{"id":2633,"href":"https:\/\/www.tsvplattling.de\/index.php\/wp-json\/wp\/v2\/pages\/302\/revisions\/2633"}],"up":[{"embeddable":true,"href":"https:\/\/www.tsvplattling.de\/index.php\/wp-json\/wp\/v2\/pages\/272"}],"wp:attachment":[{"href":"https:\/\/www.tsvplattling.de\/index.php\/wp-json\/wp\/v2\/media?parent=302"}],"curies":[{"name":"wp","href":"https:\/\/api.w.org\/{rel}","templated":true}]}}