{"id":294,"date":"2016-01-29T23:45:53","date_gmt":"2016-01-29T22:45:53","guid":{"rendered":"http:\/\/tsvplattling.de\/?page_id=294"},"modified":"2025-07-14T22:22:58","modified_gmt":"2025-07-14T20:22:58","slug":"lauftreff","status":"publish","type":"page","link":"https:\/\/www.tsvplattling.de\/index.php\/abteilungen\/lauftreff\/","title":{"rendered":"Lauftreff"},"content":{"rendered":"<p>Bei Interesse und n\u00e4heren Informationen kannst Du Dich gerne jederzeit an <a href=\"mailto:TSV-Plattling@online.de\">TSV-Plattling@online.de<\/a> oder den Abteilungsleiter Thomas M\u00fchlbauer (<a href=\"mailto:t.muehlbauer@web.de\">t.muehlbauer@web.de<\/a> oder +49 171 3608418) wenden.<\/p>\n<p><span style=\"text-decoration: underline;\">Trainingszeiten:<\/span><\/p>\n<p>nach Absprache bzw. \u00fcber WhatsApp Gruppe, aktuell w\u00e4hrend der Sommerzeit meist am Montag und Donnerstag ab 19 Uhr und Samstag 8 Uhr, Treffpunkt am Kutscherparkplatz in der Georg-Eckl-Stra\u00dfe 29 neben der Sepp-Stadler-Eistocksporthalle<\/p>\n\n\n<p>In den Wintermonaten findet zus\u00e4tzlich mittwochs in der Grundschule ein Kraft- und Koordinationstraining statt.<\/p>\n","protected":false},"excerpt":{"rendered":"<p>Bei Interesse und n\u00e4heren Informationen kannst Du Dich gerne jederzeit an TSV-Plattling@online.de oder den Abteilungsleiter Thomas M\u00fchlbauer (t.muehlbauer@web.de oder +49 171 3608418) wenden. Trainingszeiten: nach Absprache bzw. \u00fcber WhatsApp Gruppe, aktuell w\u00e4hrend der Sommerzeit meist am Montag und Donnerstag ab<\/p>\n","protected":false},"author":1,"featured_media":0,"parent":272,"menu_order":0,"comment_status":"closed","ping_status":"closed","template":"","meta":{"footnotes":""},"class_list":["post-294","page","type-page","status-publish","hentry"],"_links":{"self":[{"href":"https:\/\/www.tsvplattling.de\/index.php\/wp-json\/wp\/v2\/pages\/294","targetHints":{"allow":["GET"]}}],"collection":[{"href":"https:\/\/www.tsvplattling.de\/index.php\/wp-json\/wp\/v2\/pages"}],"about":[{"href":"https:\/\/www.tsvplattling.de\/index.php\/wp-json\/wp\/v2\/types\/page"}],"author":[{"embeddable":true,"href":"https:\/\/www.tsvplattling.de\/index.php\/wp-json\/wp\/v2\/users\/1"}],"replies":[{"embeddable":true,"href":"https:\/\/www.tsvplattling.de\/index.php\/wp-json\/wp\/v2\/comments?post=294"}],"version-history":[{"count":13,"href":"https:\/\/www.tsvplattling.de\/index.php\/wp-json\/wp\/v2\/pages\/294\/revisions"}],"predecessor-version":[{"id":3364,"href":"https:\/\/www.tsvplattling.de\/index.php\/wp-json\/wp\/v2\/pages\/294\/revisions\/3364"}],"up":[{"embeddable":true,"href":"https:\/\/www.tsvplattling.de\/index.php\/wp-json\/wp\/v2\/pages\/272"}],"wp:attachment":[{"href":"https:\/\/www.tsvplattling.de\/index.php\/wp-json\/wp\/v2\/media?parent=294"}],"curies":[{"name":"wp","href":"https:\/\/api.w.org\/{rel}","templated":true}]}}