{"id":289,"date":"2016-01-29T23:43:28","date_gmt":"2016-01-29T22:43:28","guid":{"rendered":"http:\/\/tsvplattling.de\/?page_id=289"},"modified":"2018-11-11T21:09:19","modified_gmt":"2018-11-11T20:09:19","slug":"gymnastik","status":"publish","type":"page","link":"https:\/\/www.tsvplattling.de\/index.php\/abteilungen\/gymnastik\/","title":{"rendered":"Gymnastik"},"content":{"rendered":"<h2 style=\"text-align: center;\">Gymnastik mit Musik 1<\/h2>\n<p style=\"text-align: left;\"><img loading=\"lazy\" decoding=\"async\" class=\"wp-image-1322 alignleft\" src=\"http:\/\/tsvplattling.de\/wp-content\/uploads\/2018\/05\/Oma.jpg\" alt=\"\" width=\"166\" height=\"221\" srcset=\"https:\/\/www.tsvplattling.de\/wp-content\/uploads\/2018\/05\/Oma.jpg 388w, https:\/\/www.tsvplattling.de\/wp-content\/uploads\/2018\/05\/Oma-225x300.jpg 225w\" sizes=\"auto, (max-width: 166px) 100vw, 166px\" \/><\/p>\n<p style=\"text-align: left;\">Ursula Fischer &#8211;\u00a0\u00dcbungsleiterin<\/p>\n<p style=\"text-align: left;\">Tel. 09931\/8334<\/p>\n<p style=\"text-align: left;\">fischerfritz1949@gmx.de<\/p>\n<p style=\"text-align: left;\">Michael-Weise-Stra\u00dfe 1<\/p>\n<p style=\"text-align: left;\">94447 Plattling<\/p>\n<p>&nbsp;<\/p>\n<h3 style=\"text-align: center;\"><strong>\u201eR\u00fcckenschonende Gymnastik\u201c\u00a0\u00a0<\/strong><strong>jeden Dienstag 19.00 \u2013 20.00 Uhr in der Realschule<\/strong><\/h3>\n<p>&nbsp;<\/p>\n<p style=\"text-align: center;\">Den R\u00fccken auf angenehme Weise st\u00e4rken.<a href=\"http:\/\/tsvplattling.de\/wp-content\/uploads\/2018\/05\/Oma-2.jpg\"><img loading=\"lazy\" decoding=\"async\" class=\"wp-image-1323 alignright\" src=\"http:\/\/tsvplattling.de\/wp-content\/uploads\/2018\/05\/Oma-2.jpg\" alt=\"\" width=\"137\" height=\"183\" srcset=\"https:\/\/www.tsvplattling.de\/wp-content\/uploads\/2018\/05\/Oma-2.jpg 474w, https:\/\/www.tsvplattling.de\/wp-content\/uploads\/2018\/05\/Oma-2-225x300.jpg 225w\" sizes=\"auto, (max-width: 137px) 100vw, 137px\" \/><\/a><\/p>\n<p style=\"text-align: center;\">Moderne Bewegungselemente aus Pilates und funtionellen-,<\/p>\n<p style=\"text-align: center;\">klassischen Kr\u00e4ftigungs\u00fcbungen machen dies m\u00f6glich.<\/p>\n<p style=\"text-align: center;\">Effektive Bauchgymnastik sowie Kraft, Balance und Konzentration<\/p>\n<p style=\"text-align: center;\">ergeben ein modernes R\u00fcckentraining.<\/p>\n<p>&nbsp;<\/p>\n<h3><\/h3>\n<h3 style=\"text-align: center;\"><strong>\u201eIn Form bleiben\u201c <\/strong><strong>\u00a0<\/strong><strong>jeden Donnerstag 9.30 \u2013 10.30 Uhr im Body-Fit<\/strong><\/h3>\n<p style=\"text-align: center;\">Ein figurformendes, vielseitiges Bauch-, Beine-, Po-\u00dcbungsprogramm.\u00a0 Kr\u00e4ftigen, mobilisieren, dehnen<\/p>\n<p style=\"text-align: center;\">und entspannen des gesamten Bewegungsapparates sind Schwerpunkte dieser Gymnastikstunde.<\/p>\n<p><a href=\"http:\/\/tsvplattling.de\/wp-content\/uploads\/2018\/05\/Oma-3.jpg\"><img loading=\"lazy\" decoding=\"async\" class=\"wp-image-1324 alignnone\" src=\"http:\/\/tsvplattling.de\/wp-content\/uploads\/2018\/05\/Oma-3.jpg\" alt=\"\" width=\"376\" height=\"257\" srcset=\"https:\/\/www.tsvplattling.de\/wp-content\/uploads\/2018\/05\/Oma-3.jpg 435w, https:\/\/www.tsvplattling.de\/wp-content\/uploads\/2018\/05\/Oma-3-300x205.jpg 300w\" sizes=\"auto, (max-width: 376px) 100vw, 376px\" \/><\/a><a href=\"http:\/\/tsvplattling.de\/wp-content\/uploads\/2018\/05\/Oma-4.jpg\"><img loading=\"lazy\" decoding=\"async\" class=\"wp-image-1325 alignnone\" src=\"http:\/\/tsvplattling.de\/wp-content\/uploads\/2018\/05\/Oma-4.jpg\" alt=\"\" width=\"378\" height=\"255\" srcset=\"https:\/\/www.tsvplattling.de\/wp-content\/uploads\/2018\/05\/Oma-4.jpg 435w, https:\/\/www.tsvplattling.de\/wp-content\/uploads\/2018\/05\/Oma-4-300x202.jpg 300w\" sizes=\"auto, (max-width: 378px) 100vw, 378px\" \/><\/a><a href=\"http:\/\/tsvplattling.de\/wp-content\/uploads\/2018\/05\/Oma-5.jpg\"><img loading=\"lazy\" decoding=\"async\" class=\"wp-image-1326 alignnone\" src=\"http:\/\/tsvplattling.de\/wp-content\/uploads\/2018\/05\/Oma-5.jpg\" alt=\"\" width=\"322\" height=\"255\" srcset=\"https:\/\/www.tsvplattling.de\/wp-content\/uploads\/2018\/05\/Oma-5.jpg 486w, https:\/\/www.tsvplattling.de\/wp-content\/uploads\/2018\/05\/Oma-5-300x238.jpg 300w\" sizes=\"auto, (max-width: 322px) 100vw, 322px\" \/><\/a><\/p>\n<h2><\/h2>\n<p>&nbsp;<\/p>\n<h2 style=\"text-align: center;\">Gymnastik mit Musik 2<\/h2>\n<p><img loading=\"lazy\" decoding=\"async\" class=\"wp-image-1332 alignleft\" src=\"http:\/\/tsvplattling.de\/wp-content\/uploads\/2018\/05\/christine-neu.png\" alt=\"\" width=\"159\" height=\"182\" srcset=\"https:\/\/www.tsvplattling.de\/wp-content\/uploads\/2018\/05\/christine-neu.png 455w, https:\/\/www.tsvplattling.de\/wp-content\/uploads\/2018\/05\/christine-neu-261x300.png 261w\" sizes=\"auto, (max-width: 159px) 100vw, 159px\" \/>Christine\u00a0 Obermeier &#8211;\u00a0\u00dcbungsleiterin<\/p>\n<p>Tel. 09931\/1328<\/p>\n<p>Fliederstra\u00dfe 5<\/p>\n<p>94447 Plattling<\/p>\n<p>cobermeier@online.de<\/p>\n<p>&nbsp;<\/p>\n<h3 style=\"text-align: center;\"><strong>\u201eDie gesunde Stunde\u201c\u00a0 \u00a0<\/strong><strong>jeden Monag\u00a0 18.00 \u2013 19.00 Uhr im Body-Fit\u00a0\u00a0\u00a0\u00a0\u00a0\u00a0\u00a0\u00a0\u00a0\u00a0\u00a0\u00a0 <\/strong><\/h3>\n<p style=\"text-align: center;\">Ganzk\u00f6rpertraining f\u00fcr Frauen jeden Alters, ohne laufen, springen und h\u00fcpfen.<\/p>\n<p style=\"text-align: center;\">Fitness, Beweglichkeit und Geschicklichkeit wird<\/p>\n<p style=\"text-align: center;\">durch Gymnastik, Gleichgewichts\u00fcbungen, Koordinations\u00fcbungen<\/p>\n<p style=\"text-align: center;\">und vieles mehr gef\u00f6rdert.<\/p>\n<p style=\"text-align: center;\">Zum Schluss jeder Stunde gibt es Entspannung pur.<\/p>\n<p style=\"text-align: center;\">( progressive Muskelentspannung, Traumreisen etc. )<\/p>\n<p>&nbsp;<\/p>\n<p>&nbsp;<\/p>\n<h3 style=\"text-align: center;\"><strong>\u201eFit in den Morgen\u201c <\/strong><strong>\u00a0 jeden Dienstag\u00a0 9.30 \u2013 10.30 Uhr im Body-Fit<\/strong><\/h3>\n<p><a href=\"http:\/\/tsvplattling.de\/wp-content\/uploads\/2018\/05\/christine-2.png\"><img loading=\"lazy\" decoding=\"async\" class=\"alignnone wp-image-1329\" src=\"http:\/\/tsvplattling.de\/wp-content\/uploads\/2018\/05\/christine-2.png\" alt=\"\" width=\"346\" height=\"259\" srcset=\"https:\/\/www.tsvplattling.de\/wp-content\/uploads\/2018\/05\/christine-2.png 702w, https:\/\/www.tsvplattling.de\/wp-content\/uploads\/2018\/05\/christine-2-300x225.png 300w\" sizes=\"auto, (max-width: 346px) 100vw, 346px\" \/><\/a><a href=\"http:\/\/tsvplattling.de\/wp-content\/uploads\/2018\/05\/christine-3.png\"><img loading=\"lazy\" decoding=\"async\" class=\"alignnone wp-image-1330\" src=\"http:\/\/tsvplattling.de\/wp-content\/uploads\/2018\/05\/christine-3.png\" alt=\"\" width=\"346\" height=\"259\" srcset=\"https:\/\/www.tsvplattling.de\/wp-content\/uploads\/2018\/05\/christine-3.png 703w, https:\/\/www.tsvplattling.de\/wp-content\/uploads\/2018\/05\/christine-3-300x225.png 300w\" sizes=\"auto, (max-width: 346px) 100vw, 346px\" \/><\/a><a href=\"http:\/\/tsvplattling.de\/wp-content\/uploads\/2018\/05\/christine-4.png\"><img loading=\"lazy\" decoding=\"async\" class=\"alignnone wp-image-1331\" src=\"http:\/\/tsvplattling.de\/wp-content\/uploads\/2018\/05\/christine-4.png\" alt=\"\" width=\"346\" height=\"259\" srcset=\"https:\/\/www.tsvplattling.de\/wp-content\/uploads\/2018\/05\/christine-4.png 707w, https:\/\/www.tsvplattling.de\/wp-content\/uploads\/2018\/05\/christine-4-300x225.png 300w\" sizes=\"auto, (max-width: 346px) 100vw, 346px\" \/><\/a><\/p>\n<p>&nbsp;<\/p>\n<p>&nbsp;<\/p>\n<h2 style=\"text-align: center;\">Gymnastik mit Musik 3<\/h2>\n<p><a href=\"http:\/\/tsvplattling.de\/wp-content\/uploads\/2018\/05\/viola.png\"><img loading=\"lazy\" decoding=\"async\" class=\"wp-image-1334 alignleft\" src=\"http:\/\/tsvplattling.de\/wp-content\/uploads\/2018\/05\/viola-1024x531.png\" alt=\"\" width=\"326\" height=\"169\" srcset=\"https:\/\/www.tsvplattling.de\/wp-content\/uploads\/2018\/05\/viola-1024x531.png 1024w, https:\/\/www.tsvplattling.de\/wp-content\/uploads\/2018\/05\/viola-300x156.png 300w, https:\/\/www.tsvplattling.de\/wp-content\/uploads\/2018\/05\/viola-768x399.png 768w, https:\/\/www.tsvplattling.de\/wp-content\/uploads\/2018\/05\/viola.png 1056w\" sizes=\"auto, (max-width: 326px) 100vw, 326px\" \/><\/a>\u00a0Viola Lochmahr &#8211; \u00dcbungsleiterin<\/p>\n<p>Tel. 09931\/2391<\/p>\n<p>Josef-Niebauer-Stra\u00dfe 3a<br \/>\n94447 Plattling<\/p>\n<p>ViolaMa59@gmail.com<\/p>\n<p>&nbsp;<\/p>\n<h3><strong>\u201eMobil von Kopf bis Fu\u00df\u201c\u00a0\u00a0<\/strong><strong>jeden Mittwoch 18.00 \u2013 19.30 Uhr im Body-Fit \/ TSV Gymnastikraum \u00a0\u00a0\u00a0\u00a0\u00a0\u00a0\u00a0\u00a0\u00a0\u00a0 <\/strong><\/h3>\n<p style=\"text-align: center;\">\u00a0\u00a0\u00a0\u00a0\u00a0 Den R\u00fccken auf angenehme Weise st\u00e4rken. Moderne Bewegungselemente aus Pilates und funtionellen-,<\/p>\n<p style=\"text-align: center;\">klassischen Kr\u00e4ftigungs\u00fcbungen machen dies m\u00f6glich.<\/p>\n<p style=\"text-align: center;\">Effektive Bauchgymnastik sowie Kraft, Balance und Konzentration ergeben ein modernes R\u00fcckentraining.<\/p>\n<p><a href=\"http:\/\/tsvplattling.de\/wp-content\/uploads\/2018\/05\/viola-2.png\"><img loading=\"lazy\" decoding=\"async\" class=\"alignnone wp-image-1335\" src=\"http:\/\/tsvplattling.de\/wp-content\/uploads\/2018\/05\/viola-2-1024x587.png\" alt=\"\" width=\"489\" height=\"280\" srcset=\"https:\/\/www.tsvplattling.de\/wp-content\/uploads\/2018\/05\/viola-2-1024x587.png 1024w, https:\/\/www.tsvplattling.de\/wp-content\/uploads\/2018\/05\/viola-2-300x172.png 300w, https:\/\/www.tsvplattling.de\/wp-content\/uploads\/2018\/05\/viola-2-768x440.png 768w, https:\/\/www.tsvplattling.de\/wp-content\/uploads\/2018\/05\/viola-2.png 1087w\" sizes=\"auto, (max-width: 489px) 100vw, 489px\" \/><\/a><a href=\"http:\/\/tsvplattling.de\/wp-content\/uploads\/2018\/05\/viola-4.png\"><img loading=\"lazy\" decoding=\"async\" class=\"alignnone wp-image-1337\" src=\"http:\/\/tsvplattling.de\/wp-content\/uploads\/2018\/05\/viola-4-1024x566.png\" alt=\"\" width=\"504\" height=\"279\" srcset=\"https:\/\/www.tsvplattling.de\/wp-content\/uploads\/2018\/05\/viola-4-1024x566.png 1024w, https:\/\/www.tsvplattling.de\/wp-content\/uploads\/2018\/05\/viola-4-300x166.png 300w, https:\/\/www.tsvplattling.de\/wp-content\/uploads\/2018\/05\/viola-4-768x424.png 768w, https:\/\/www.tsvplattling.de\/wp-content\/uploads\/2018\/05\/viola-4.png 1129w\" sizes=\"auto, (max-width: 504px) 100vw, 504px\" \/><\/a><\/p>\n","protected":false},"excerpt":{"rendered":"<p>Gymnastik mit Musik 1 Ursula Fischer &#8211;\u00a0\u00dcbungsleiterin Tel. 09931\/8334 fischerfritz1949@gmx.de Michael-Weise-Stra\u00dfe 1 94447 Plattling &nbsp; \u201eR\u00fcckenschonende Gymnastik\u201c\u00a0\u00a0jeden Dienstag 19.00 \u2013 20.00 Uhr in der Realschule &nbsp; Den R\u00fccken auf angenehme Weise st\u00e4rken. Moderne Bewegungselemente aus Pilates und funtionellen-, klassischen Kr\u00e4ftigungs\u00fcbungen<\/p>\n","protected":false},"author":1,"featured_media":0,"parent":272,"menu_order":0,"comment_status":"closed","ping_status":"closed","template":"","meta":{"footnotes":""},"class_list":["post-289","page","type-page","status-publish","hentry"],"_links":{"self":[{"href":"https:\/\/www.tsvplattling.de\/index.php\/wp-json\/wp\/v2\/pages\/289","targetHints":{"allow":["GET"]}}],"collection":[{"href":"https:\/\/www.tsvplattling.de\/index.php\/wp-json\/wp\/v2\/pages"}],"about":[{"href":"https:\/\/www.tsvplattling.de\/index.php\/wp-json\/wp\/v2\/types\/page"}],"author":[{"embeddable":true,"href":"https:\/\/www.tsvplattling.de\/index.php\/wp-json\/wp\/v2\/users\/1"}],"replies":[{"embeddable":true,"href":"https:\/\/www.tsvplattling.de\/index.php\/wp-json\/wp\/v2\/comments?post=289"}],"version-history":[{"count":7,"href":"https:\/\/www.tsvplattling.de\/index.php\/wp-json\/wp\/v2\/pages\/289\/revisions"}],"predecessor-version":[{"id":1591,"href":"https:\/\/www.tsvplattling.de\/index.php\/wp-json\/wp\/v2\/pages\/289\/revisions\/1591"}],"up":[{"embeddable":true,"href":"https:\/\/www.tsvplattling.de\/index.php\/wp-json\/wp\/v2\/pages\/272"}],"wp:attachment":[{"href":"https:\/\/www.tsvplattling.de\/index.php\/wp-json\/wp\/v2\/media?parent=289"}],"curies":[{"name":"wp","href":"https:\/\/api.w.org\/{rel}","templated":true}]}}