{"id":2205,"date":"2021-05-06T21:27:53","date_gmt":"2021-05-06T19:27:53","guid":{"rendered":"https:\/\/www.tsvplattling.de\/?page_id=2205"},"modified":"2021-05-09T10:39:50","modified_gmt":"2021-05-09T08:39:50","slug":"anmeldung","status":"publish","type":"page","link":"https:\/\/www.tsvplattling.de\/index.php\/sportabzeichen\/anmeldung\/","title":{"rendered":"Anmeldung"},"content":{"rendered":"\n<p>Auch wenn uns Covid-19 mit seinen Mutanten noch l\u00e4ngere Zeit begleiten wird, hofft das Sportabzeichen-Team des TSV Plattling, dass Anfang Mai mit der Abnahme begonnen werden kann. An sich handelt es sich um Individualsport, welcher mit ausreichend Abstand und gewissen Hygienema\u00dfnahmen auch trotz \u201eCorona\u201c m\u00f6glich sein sollte bzw. d\u00fcrfte. Vorbehaltlich der gesetzlichen Rahmenbedingungen und der jeweils g\u00fcltigen Regelungen des Landratsamtes behalten wir uns vor, die maximale Teilnehmeranzahl pro Veranstaltung noch anzupassen.<\/p>\n\n\n\n\t\t<form id=\"bookacti-form-1-149308243\" class=\"bookacti-booking-form bookacti-booking-form-1 \" autocomplete=\"off\" >\r\n\t\t\t\t<input type='hidden' name='form_id' value='1'\/>\r\n\t\t\t<input type='hidden' name='action' value='bookactiSubmitBookingForm'\/>\r\n\t\t\t<div class='bookacti-form-field-container bookacti-form-field-name-calendar bookacti-form-field-type-calendar bookacti-form-field-id-1' id='bookacti-form-field-calendar-1-form-1-149308243' data-field-name=\"calendar\" data-field-type=\"calendar\" data-field-id=\"1\">\r\n\t\t\t<div class='bookacti-form-field-content' >\r\n\t\t\n\t<div class='bookacti-booking-system-container' id='bookacti-booking-system-form-1-149308243-container' >\n\t\t<script>\n\t\t\t\/\/ Compatibility with Optimization plugins\n\t\t\tif( typeof bookacti === 'undefined' ) { var bookacti = { booking_system:[] }; }\n\t\t\tbookacti.booking_system[ 'bookacti-booking-system-form-1-149308243' ] = {\"events\":[],\"events_data\":[],\"events_interval\":{\"start\":\"2026-04-30 00:49:00\",\"end\":\"2026-04-30 00:49:00\"},\"events_min_interval\":[],\"bookings\":[],\"groups_bookings\":[],\"booking_lists\":[],\"activities_data\":[],\"groups_events\":[],\"groups_data\":[],\"group_categories_data\":[],\"no_events\":1,\"id\":\"bookacti-booking-system-form-1-149308243\",\"class\":\"\",\"hide_availability\":100,\"calendars\":[1],\"activities\":[1,2,3,4],\"group_categories\":[\"none\"],\"groups_only\":0,\"groups_single_events\":0,\"multiple_bookings\":1,\"bookings_only\":0,\"tooltip_booking_list\":0,\"tooltip_booking_list_columns\":[],\"status\":[],\"user_id\":0,\"method\":\"calendar\",\"auto_load\":1,\"start\":\"2026-04-30 00:49:00\",\"end\":\"2026-04-30 00:49:00\",\"trim\":1,\"past_events\":1,\"past_events_bookable\":1,\"days_off\":[],\"check_roles\":1,\"picked_events\":[],\"form_id\":1,\"form_action\":\"default\",\"when_perform_form_action\":\"on_submit\",\"redirect_url_by_activity\":[],\"redirect_url_by_group_category\":[],\"display_data\":{\"slotMinTime\":\"00:00\",\"slotMaxTime\":\"24:00\"}};\n\t\t<\/script>\n\t\t\t\t\n\t\t<div class='bookacti-booking-system-inputs'>\n\t\t\t<!-- Backward compatibility -->\n\t\t\t<input type='hidden' name='bookacti_group_id' value='0' \/>\n\t\t\t<input type='hidden' name='bookacti_event_id' value='' \/>\n\t\t\t<input type='hidden' name='bookacti_event_start' value='' \/>\n\t\t\t<input type='hidden' name='bookacti_event_end' value='' \/>\n\t\t\t\t\t<\/div>\n\t\t\n\t\t\t\t\n\t\t<div id='bookacti-booking-system-form-1-149308243' class='bookacti-booking-system ' >\n\t\t\t<div class=\"bookacti-no-events\">Keine Veranstaltung verf\u00fcgbar.<\/div><div class=\"bookacti-loading-container\"><div class=\"bookacti-loading-image\"><div class=\"bookacti-spinner\"><\/div><\/div><div class=\"bookacti-loading-text\">Loading<\/div><\/div>\t\t<\/div>\n\t\t\n\t\t\t\t\n\t\t<div class='bookacti-picked-events' style='display:none;' >\n\t\t\t<div class='bookacti-picked-events-list-title' ><\/div>\n\t\t\t<ul class='bookacti-picked-events-list bookacti-custom-scrollbar' >\n\t\t\t\t\t\t\t<\/ul>\n\t\t<\/div>\n\t\t\n\t\t<div class='bookacti-notices' style='display:none;' >\n\t\t\t\t\t<\/div>\n\t\t\n\t\t<div class='bookacti-tooltips-container'>\n\t\t\t\t\t<\/div>\n\t\t\n\t\t\t<\/div>\n\t<div id='bookacti-booking-system-form-1-149308243-dialogs' class='bookacti-booking-system-dialogs' >\n\t\t\t<!-- Choose a group of events -->\n\t<div id='bookacti-booking-system-form-1-149308243-choose-group-of-events-dialog' \n\t\t data-booking-system-id='bookacti-booking-system-form-1-149308243' \n\t\t class='bookacti-backend-dialog bookacti-choose-group-of-events-dialog bookacti-booking-system-dialog' \n\t\t title='This event is available in several bundles' \n\t\t style='display:none;' >\n\t\tWhich group of events do you want to pick?\t\t<div id='bookacti-booking-system-form-1-149308243-groups-of-events-list' class='bookacti-groups-of-events-list' ><\/div>\n\t<\/div>\n\n\t\t<\/div>\n\t\t\t<\/div>\r\n\t<\/div>\r\n\t<div class='bookacti-form-field-container bookacti-form-field-name-login bookacti-form-field-type-login bookacti-form-field-id-2 bookacti-has-login-button bookacti-user-is-not-logged-in' id='bookacti-form-field-login-2-form-1-149308243' data-field-name=\"login\" data-field-type=\"login\" data-field-id=\"2\">\r\n\t\t\t\t<div class='bookacti-form-field-login-field-container bookacti-login-field-login-type bookacti-custom-radio-button-container bookacti-login-types-hidden' data-field-name='login_type'>\r\n\t\t\t\t\t\t<div class='bookacti-login-type-container bookacti-custom-radio-button bookacti-login-type-no_account' data-separator='or'>\r\n\t\t\t\t\t<input type='radio' name='login_type' value='no_account' id='bookacti-form-1-149308243-login-type-no_account' required  checked='checked'\/>\r\n\t\t\t\t\t<label for='bookacti-form-1-149308243-login-type-no_account' \r\n\t\t\t\t\t\t   \r\n\t\t\t\t\t>\r\n\t\t\t\t\tBook without account\t\t\t\t\t<\/label>\r\n\t\t\t\t<\/div>\r\n\t\t\t\t\t\t\t<\/div>\r\n\t\t\t\t<div class='bookacti-user-data-fields'>\r\n\t\t\t<div class='bookacti-log-in-fields'>\r\n\t\t\t\t\t\t\t\t<div class='bookacti-form-field-login-field-container bookacti-login-field-email' id='bookacti-form-field-login-2-form-1-149308243-email-container' data-field-name='email' data-field-type='email'>\r\n\t\t\t\t\t<div class='bookacti-form-field-label' >\r\n\t\t\t\t\t\t<label for='bookacti-form-field-login-2-form-1-149308243-email' >\r\n\t\t\t\t\t\tE-Mail<span class=\"bookacti-required-field-indicator\" title=\"Required field\"><\/span>\t\t\t\t\t\t<\/label>\r\n\t\t\t\t\t\t\t\t\t\t<\/div>\r\n\t\t\t\t\t<div class='bookacti-form-field-content' >\r\n\t\t\t\t\t\t\t<input type='email' \n\t\t\t\tname='email' \n\t\t\t\tvalue='' \n\t\t\t\tautocomplete='off'\n\t\t\t\tid='bookacti-form-field-login-2-form-1-149308243-email' \n\t\t\t\tclass='bookacti-input bookacti-form-field bookacti-email bookacti-required-field' \n\t\t\t\t\t\t\tplaceholder='' \n\t\t\t required\t\t\/>\n\t\t\t\t\t\t<\/div>\r\n\t\t\t\t\t\t\t\t\t<\/div>\r\n\t\t\t\t<div class='bookacti-form-field-login-field-container bookacti-login-field-password ' id='bookacti-form-field-login-2-form-1-149308243-password-container' data-field-name='password' data-field-type='password'>\r\n\t\t\t\t\t<div class='bookacti-form-field-label' >\r\n\t\t\t\t\t\t<label for='bookacti-form-field-login-2-form-1-149308243-password' >\r\n\t\t\t\t\t\tPasswort<span class=\"bookacti-required-field-indicator\" title=\"Required field\"><\/span>\t\t\t\t\t\t<\/label>\r\n\t\t\t\t\t\t\t\t\t\t<\/div>\r\n\t\t\t\t\t<div class='bookacti-form-field-content' >\r\n\t\t\t\t\t\t\t<input type='password' \n\t\t\t\tname='password' \n\t\t\t\tvalue='' \n\t\t\t\tautocomplete='off'\n\t\t\t\tid='bookacti-form-field-login-2-form-1-149308243-password' \n\t\t\t\tclass='bookacti-input bookacti-form-field bookacti-password bookacti-required-field' \n\t\t\t\t\t\t\tplaceholder='' \n\t\t\t required\t\t\/>\n\t\t\t\t\t\t\t\t<div class='bookacti-password-strength' style='display:none;'>\r\n\t\t\t\t\t\t\t\t<span class='bookacti-password-strength-meter'><\/span>\r\n\t\t\t\t\t\t\t\t<input type='hidden' name='password_strength' class='bookacti-password_strength' value='0' min='4' \/>\r\n\t\t\t\t\t\t\t<\/div>\r\n\t\t\t\t\t\t\t\t\t\t\t\t\t\t<div class='bookacti-forgotten-password' >\r\n\t\t\t\t\t\t\t\t<a href='#' class='bookacti-forgotten-password-link' data-field-id='bookacti-form-field-login-2-form-1-149308243' >Forgot your password?<\/a>\r\n\t\t\t\t\t\t\t\t\t\t\t\t\t\t<\/div>\r\n\t\t\t\t\t\t\t\t\t\t\t\t\t\t<div data-field-id='bookacti-form-field-login-2-form-1-149308243' class='bookacti-backend-dialog bookacti-forgotten-password-dialog bookacti-form-dialog' title='Forgotten password' style='display:none;' >\r\n\t\t\t\t\t\t\t\t<div class='bookacti-forgotten-password-dialog-description' >\r\n\t\t\t\t\t\t\t\t\t<p>\r\n\t\t\t\t\t\t\t\t\tPlease enter your email address. You will receive a link to create a new password via email.\t\t\t\t\t\t\t\t\t<\/p>\r\n\t\t\t\t\t\t\t\t<\/div>\r\n\t\t\t\t\t\t\t\t<div class='bookacti-forgotten-password-dialog-fields' >\r\n\t\t\t\t\t\t\t\t\t\t\t<div class='bookacti-field-container ' id='bookacti-forgotten-password-email-bookacti-form-field-login-2-form-1-149308243-container'>\n\t\t\t\t<input type='email' \n\t\t\t\tname='forgotten_password_email' \n\t\t\t\tvalue='' \n\t\t\t\tautocomplete='off'\n\t\t\t\tid='bookacti-forgotten-password-email-bookacti-form-field-login-2-form-1-149308243' \n\t\t\t\tclass='bookacti-input bookacti-forgotten-password-email' \n\t\t\t\t\t\t\tplaceholder='Your email address' \n\t\t\t\t\t\/>\n\t\t\t<\/div>\n\t\t\t\t\t\t\t\t\t<\/div>\r\n\t\t\t\t\t\t\t<\/div>\r\n\t\t\t\t\t\t\t\t\t\t\t<\/div>\r\n\t\t\t\t\t\t\t\t\t<\/div>\r\n\t\t\t\t\t\t\t<\/div>\r\n\t\t\t\t\t\t\t\t<div class='bookacti-register-fields' id='bookacti-form-field-login-2-form-1-149308243-register-fields' style='display:none;' >\r\n\t\t\t\t\t\t\t\t\t\t\t\t\t\t<div class='bookacti-form-field-login-field-container bookacti-login-field-first_name' id='bookacti-form-field-login-2-form-1-149308243-first_name-container' data-field-name='first_name' data-field-type='text'>\r\n\t\t\t\t\t\t\t\t\t\t\t\t\t\t\t\t\t\t\t<div class='bookacti-form-field-label' >\r\n\t\t\t\t\t\t\t\t\t\t\t<label for='bookacti-form-field-login-2-form-1-149308243-first_name' >\r\n\t\t\t\t\t\t\t\t\t\t\tVorname<span class=\"bookacti-required-field-indicator\" title=\"Required field\"><\/span>\t\t\t\t\t\t\t\t\t\t\t<\/label>\r\n\t\t\t\t\t\t\t\t\t\t\t\t\t\t\t\t\t\t\t\t<\/div>\r\n\t\t\t\t\t\t\t\t\t\t\t\t\t\t\t\t\t\t<div class='bookacti-form-field-content' >\r\n\t\t\t\t\t\t\t\t\t\t\t<input type='text' \n\t\t\t\tname='first_name' \n\t\t\t\tvalue='' \n\t\t\t\tautocomplete='off'\n\t\t\t\tid='bookacti-form-field-login-2-form-1-149308243-first_name' \n\t\t\t\tclass='bookacti-input bookacti-form-field bookacti-first_name bookacti-required-field' \n\t\t\t\t\t\t\tplaceholder='' \n\t\t\t required\t\t\/>\n\t\t\t\t\t\t\t\t\t\t<\/div>\r\n\t\t\t\t\t\t\t\t\t\t\t\t\t\t\t\t\t<\/div>\r\n\t\t\t\t\t\t\t\t\t\t\t\t\t\t\t<div class='bookacti-form-field-login-field-container bookacti-login-field-last_name' id='bookacti-form-field-login-2-form-1-149308243-last_name-container' data-field-name='last_name' data-field-type='text'>\r\n\t\t\t\t\t\t\t\t\t\t\t\t\t\t\t\t\t\t\t<div class='bookacti-form-field-label' >\r\n\t\t\t\t\t\t\t\t\t\t\t<label for='bookacti-form-field-login-2-form-1-149308243-last_name' >\r\n\t\t\t\t\t\t\t\t\t\t\tNachname<span class=\"bookacti-required-field-indicator\" title=\"Required field\"><\/span>\t\t\t\t\t\t\t\t\t\t\t<\/label>\r\n\t\t\t\t\t\t\t\t\t\t\t\t\t\t\t\t\t\t\t\t<\/div>\r\n\t\t\t\t\t\t\t\t\t\t\t\t\t\t\t\t\t\t<div class='bookacti-form-field-content' >\r\n\t\t\t\t\t\t\t\t\t\t\t<input type='text' \n\t\t\t\tname='last_name' \n\t\t\t\tvalue='' \n\t\t\t\tautocomplete='off'\n\t\t\t\tid='bookacti-form-field-login-2-form-1-149308243-last_name' \n\t\t\t\tclass='bookacti-input bookacti-form-field bookacti-last_name bookacti-required-field' \n\t\t\t\t\t\t\tplaceholder='' \n\t\t\t required\t\t\/>\n\t\t\t\t\t\t\t\t\t\t<\/div>\r\n\t\t\t\t\t\t\t\t\t\t\t\t\t\t\t\t\t<\/div>\r\n\t\t\t\t\t\t\t\t\t\t\t\t\t\t\t<div class='bookacti-form-field-login-field-container bookacti-login-field-phone' id='bookacti-form-field-login-2-form-1-149308243-phone-container' data-field-name='phone' data-field-type='tel'>\r\n\t\t\t\t\t\t\t\t\t\t\t\t\t\t\t\t\t\t\t<div class='bookacti-form-field-label' >\r\n\t\t\t\t\t\t\t\t\t\t\t<label for='bookacti-form-field-login-2-form-1-149308243-phone' >\r\n\t\t\t\t\t\t\t\t\t\t\tTelefon\t\t\t\t\t\t\t\t\t\t\t<\/label>\r\n\t\t\t\t\t\t\t\t\t\t\t\t\t\t\t\t\t\t\t\t<\/div>\r\n\t\t\t\t\t\t\t\t\t\t\t\t\t\t\t\t\t\t<div class='bookacti-form-field-content' >\r\n\t\t\t\t\t\t\t\t\t\t\t<input type='tel' \n\t\t\t\tname='phone' \n\t\t\t\tvalue='' \n\t\t\t\tautocomplete='off'\n\t\t\t\tid='bookacti-form-field-login-2-form-1-149308243-phone' \n\t\t\t\tclass='bookacti-input bookacti-form-field bookacti-phone' \n\t\t\t\t\t\t\tplaceholder='' \n\t\t\t\t\t\/>\n\t\t\t\t\t\t\t\t\t\t<\/div>\r\n\t\t\t\t\t\t\t\t\t\t\t\t\t\t\t\t\t<\/div>\r\n\t\t\t\t\t\t\t\t\t\t\t\t<\/div>\r\n\t\t\t\t\t\t\t<div class='bookacti-form-field-login-field-container bookacti-login-field-submit-button' id='bookacti-form-field-login-2-form-1-149308243-submit-button' style='display:none;'>\r\n\t\t\t\t<input type='button' value='Log in' class='bookacti-login-button button' data-login-label='Log in' data-register-label='Register'\/>\r\n\t\t\t<\/div>\r\n\t\t\t\t\t<\/div>\r\n\t<\/div>\r\n\t\t<div class='bookacti-form-field-container bookacti-form-field-name-terms bookacti-form-field-type-checkbox bookacti-form-field-id-5' id='bookacti-form-field-checkbox-5-form-1-149308243' data-field-name=\"terms\" data-field-type=\"checkbox\" data-field-id=\"5\">\r\n\t\t<div class='bookacti-form-field-checkbox-field-container bookacti-form-field-content' >\r\n\t\t\t<div class='bookacti-form-field-checkbox-input' >\r\n\t\t\t\t<input type='hidden' name='terms' value='0'\/>\r\n\t\t\t\t<input type='checkbox' \r\n\t\t\t\t\t   name='terms'\r\n\t\t\t\t\t   id='bookacti-form-field-checkbox-5-form-1-149308243-input'\r\n\t\t\t\t\t   class='bookacti-form-field '\r\n\t\t\t\t\t   value='1'\r\n\t\t\t\t\t   \t\t\t\t\t   required\t\t\t\t\t    \/>\r\n\t\t\t<\/div>\r\n\t\t\t<div class='bookacti-form-field-checkbox-label' >\r\n\t\t\t\t<label for='bookacti-form-field-checkbox-5-form-1-149308243-input' >\r\n\t\t\t\tIch habe die <a href=\"https:\/\/www.tsvplattling.de\/wp-content\/uploads\/2021\/05\/Corona-Richtlinien-Sportabzeichen_2021_05_08.pdf\" rel=\"noopener\" target=\"_blank\">Bestimmungen zur Eind\u00e4mmung des Corona-Virus<\/a> gelesen und stimme diesen zu.<span class=\"bookacti-required-field-indicator\" title=\"Required field\"><\/span>\t\t\t\t<\/label>\r\n\t\t\t\t\t\t<\/div>\r\n\t\t\t\t\t<\/div>\r\n\t<\/div>\r\n\t\t<div class='bookacti-form-field-container bookacti-form-field-name-submit bookacti-form-field-type-submit bookacti-form-field-id-4' id='bookacti-form-field-submit-4-form-1-149308243' data-field-name=\"submit\" data-field-type=\"submit\" data-field-id=\"4\">\r\n\t\t<input type='submit' class='bookacti-submit-form button' value='Anmelden'\/>\r\n\t\t<input type='button' class='bookacti-new-booking-button button' value='Erneut Anmelden' style='display:none;'\/>\r\n\t<\/div>\r\n\t\t<div class='bookacti-form-field-container bookacti-form-field-name-quantity bookacti-form-field-type-quantity  bookacti-hidden-field' id='bookacti-compulsory-quantity-field' data-field-name=\"quantity\" data-field-type=\"quantity\">\r\n\t\t\t<div class='bookacti-form-field-label' >\r\n\t\t\t<label>\r\n\t\t\tQuantity<span class=\"bookacti-required-field-indicator\" title=\"Required field\"><\/span>\t\t\t<\/label>\r\n\t\t\t\t<\/div>\r\n\t\t\t<div class='bookacti-form-field-content' >\r\n\t\t\t\t<input type='number' \n\t\t\t\tname='quantity' \n\t\t\t\tvalue='1' \n\t\t\t\tautocomplete='off'\n\t\t\t\tid='a8c1f1e8c4c6730c740f69c2c0425f56' \n\t\t\t\tclass='bookacti-input bookacti-form-field bookacti-quantity' \n\t\t\t\t\t\t\tplaceholder='' \n\t\t\t\t\t\t\tmin='1' \n\t\t\t\tmax=''\n\t\t\t\tstep=''\n\t\t\t\t\t\/>\n\t\t\t<\/div>\r\n\t<\/div>\r\n\t\t\t<div class='bookacti-notices' style='display:none;'><\/div>\r\n\t\t\t<\/form>\r\n\t\n","protected":false},"excerpt":{"rendered":"<p>Auch wenn uns Covid-19 mit seinen Mutanten noch l\u00e4ngere Zeit begleiten wird, hofft das Sportabzeichen-Team des TSV Plattling, dass Anfang Mai mit der Abnahme begonnen werden kann. An sich handelt es sich um Individualsport, welcher mit ausreichend Abstand und gewissen<\/p>\n","protected":false},"author":1,"featured_media":0,"parent":125,"menu_order":0,"comment_status":"closed","ping_status":"closed","template":"","meta":{"footnotes":""},"class_list":["post-2205","page","type-page","status-publish","hentry"],"_links":{"self":[{"href":"https:\/\/www.tsvplattling.de\/index.php\/wp-json\/wp\/v2\/pages\/2205","targetHints":{"allow":["GET"]}}],"collection":[{"href":"https:\/\/www.tsvplattling.de\/index.php\/wp-json\/wp\/v2\/pages"}],"about":[{"href":"https:\/\/www.tsvplattling.de\/index.php\/wp-json\/wp\/v2\/types\/page"}],"author":[{"embeddable":true,"href":"https:\/\/www.tsvplattling.de\/index.php\/wp-json\/wp\/v2\/users\/1"}],"replies":[{"embeddable":true,"href":"https:\/\/www.tsvplattling.de\/index.php\/wp-json\/wp\/v2\/comments?post=2205"}],"version-history":[{"count":2,"href":"https:\/\/www.tsvplattling.de\/index.php\/wp-json\/wp\/v2\/pages\/2205\/revisions"}],"predecessor-version":[{"id":2208,"href":"https:\/\/www.tsvplattling.de\/index.php\/wp-json\/wp\/v2\/pages\/2205\/revisions\/2208"}],"up":[{"embeddable":true,"href":"https:\/\/www.tsvplattling.de\/index.php\/wp-json\/wp\/v2\/pages\/125"}],"wp:attachment":[{"href":"https:\/\/www.tsvplattling.de\/index.php\/wp-json\/wp\/v2\/media?parent=2205"}],"curies":[{"name":"wp","href":"https:\/\/api.w.org\/{rel}","templated":true}]}}