{"id":2101,"date":"2020-10-03T23:51:11","date_gmt":"2020-10-03T21:51:11","guid":{"rendered":"https:\/\/www.tsvplattling.de\/?page_id=2101"},"modified":"2025-10-21T23:12:04","modified_gmt":"2025-10-21T21:12:04","slug":"kinderleichtathletik","status":"publish","type":"page","link":"https:\/\/www.tsvplattling.de\/index.php\/leichtathletik\/kinderleichtathletik\/","title":{"rendered":"Kinderleichtathletik"},"content":{"rendered":"\n<p>Die Gruppe der j\u00fcngsten Sportler unter der Leitung von Andreas Kiermeier trainiert von 18:00-19:30 Uhr in der Dreifachturnhalle der Mittelschule in Plattling. Wir bitten um Verst\u00e4ndnis daf\u00fcr, dass wir uns f\u00fcr eine begrenzte Teilnehmeranzahl bei der Kinderleichtathletik entschieden haben. Dies erm\u00f6glicht eine individuellere Betreuung der Kinder, da weniger Kinder pro Trainer betreut werden.<\/p>\n\n\n\n<h5 class=\"wp-block-heading\">Achtung<\/h5>\n\n\n\n<p>Bitte melden Sie ihre Kinder bis sp\u00e4testens 2 Tage vor dem Training auf dem Portal an: bitte beachten Sie, dass es beim Versand der E-Mail zur Best\u00e4tigung zu Verz\u00f6gerungen kommen kann, da die Anmeldungen manuell bearbeitet werden. Wir m\u00f6chten Sie au\u00dferdem darum bitten, uns fr\u00fchzeitig zu informieren, falls ihr Kind trotz Anmeldung nicht teilnehmen kann. Bei Anmeldung Ihrer Kinder auf diesem Portal erlauben Sie uneingeschr\u00e4nkt, dass die pers\u00f6nlichen Daten (Name, Nachname, Adresse, Geburtsdatum, Telefonnummern) der Abteilungsleitung Leichtathletik und den zust\u00e4ndigen Trainer\/-innen im Vorfeld zur Abwicklung einer m\u00f6glichen Notlage (Verletzung, Krankheit, usw.) Ihrer Kinder im Training, Ausflug und Wettkampf zug\u00e4nglich gemacht werden.<\/p>\n\n\n\t\t<form id=\"bookacti-form-2-308153569\" class=\"bookacti-booking-form bookacti-booking-form-2 \" autocomplete=\"off\" >\r\n\t\t\t\t<input type='hidden' name='form_id' value='2'\/>\r\n\t\t\t<input type='hidden' name='action' value='bookactiSubmitBookingForm'\/>\r\n\t\t\t<div class='bookacti-form-field-container bookacti-form-field-name-calendar bookacti-form-field-type-calendar bookacti-form-field-id-6' id='bookacti-form-field-calendar-6-form-2-308153569' data-field-name=\"calendar\" data-field-type=\"calendar\" data-field-id=\"6\">\r\n\t\t\t<div class='bookacti-form-field-content' >\r\n\t\t\n\t<div class='bookacti-booking-system-container' id='bookacti-booking-system-form-2-308153569-container' >\n\t\t<script>\n\t\t\t\/\/ Compatibility with Optimization plugins\n\t\t\tif( typeof bookacti === 'undefined' ) { var bookacti = { booking_system:[] }; }\n\t\t\tbookacti.booking_system[ 'bookacti-booking-system-form-2-308153569' ] = {\"events\":[{\"id\":115,\"title\":\"Training (Stadion)\",\"color\":\"#0b7bc1\",\"activity_id\":8,\"is_available\":true,\"start\":\"2026-05-12 18:00:00\",\"end\":\"2026-05-12 19:30:00\"},{\"id\":115,\"title\":\"Training (Stadion)\",\"color\":\"#0b7bc1\",\"activity_id\":8,\"is_available\":true,\"start\":\"2026-05-19 18:00:00\",\"end\":\"2026-05-19 19:30:00\"},{\"id\":115,\"title\":\"Training (Stadion)\",\"color\":\"#0b7bc1\",\"activity_id\":8,\"is_available\":true,\"start\":\"2026-05-21 18:00:00\",\"end\":\"2026-05-21 19:30:00\"}],\"events_data\":{\"115\":{\"id\":115,\"title\":\"Training (Stadion)\",\"start\":\"2026-05-05 18:00:00\",\"end\":\"2026-05-05 19:30:00\",\"color\":\"#0b7bc1\",\"multilingual_title\":\"Training (Stadion)\",\"template_id\":2,\"activity_id\":8,\"availability\":23,\"repeat_freq\":\"weekly\",\"repeat_step\":\"1\",\"repeat_on\":\"2_4\",\"repeat_from\":\"2026-05-05\",\"repeat_to\":\"2026-05-21\",\"repeat_exceptions\":[{\"from\":\"2026-05-14\",\"to\":\"2026-05-14\"}],\"settings\":[]}},\"events_interval\":{\"start\":\"2026-05-12 18:00:00\",\"end\":\"2026-05-21 19:30:00\"},\"events_min_interval\":[],\"bookings\":{\"115\":{\"2026-05-12 18:00:00\":{\"total_availability\":23,\"availability\":0,\"quantity\":23,\"distinct_users\":19,\"current_user_bookings\":0},\"2026-05-19 18:00:00\":{\"total_availability\":23,\"availability\":0,\"quantity\":23,\"distinct_users\":19,\"current_user_bookings\":0},\"2026-05-21 18:00:00\":{\"total_availability\":23,\"availability\":0,\"quantity\":23,\"distinct_users\":20,\"current_user_bookings\":0}}},\"groups_bookings\":[],\"booking_lists\":[],\"activities_data\":{\"6\":{\"id\":\"6\",\"title\":\"Training (Grundschule)\",\"duration\":\"000.01:15:00\",\"color\":\"#9000ff\",\"availability\":\"20\",\"active\":\"1\",\"multilingual_title\":\"Training (Grundschule)\",\"settings\":{\"unit_name_singular\":\"Training\",\"unit_name_plural\":\"Training\",\"show_unit_in_availability\":\"0\",\"places_number\":\"0\",\"min_bookings_per_user\":\"1\",\"max_bookings_per_user\":\"20\",\"max_users_per_event\":\"0\",\"booking_changes_deadline\":\"\",\"allowed_roles\":[],\"multilingual_unit_name_singular\":\"Training\",\"multilingual_unit_name_plural\":\"Training\"}},\"5\":{\"id\":\"5\",\"title\":\"Training (Mittelschule)\",\"duration\":\"000.01:30:00\",\"color\":\"#3a87ad\",\"availability\":\"23\",\"active\":\"1\",\"multilingual_title\":\"Training (Mittelschule)\",\"settings\":{\"unit_name_singular\":\"Training\",\"unit_name_plural\":\"Training\",\"show_unit_in_availability\":\"0\",\"places_number\":\"0\",\"min_bookings_per_user\":\"1\",\"max_bookings_per_user\":\"25\",\"max_users_per_event\":\"0\",\"booking_changes_deadline\":\"\",\"allowed_roles\":[],\"multilingual_unit_name_singular\":\"Training\",\"multilingual_unit_name_plural\":\"Training\"}},\"7\":{\"id\":\"7\",\"title\":\"Training (Realschule)\",\"duration\":\"000.01:30:00\",\"color\":\"#3941ac\",\"availability\":\"23\",\"active\":\"1\",\"multilingual_title\":\"Training (Realschule)\",\"settings\":{\"unit_name_singular\":\"Training\",\"unit_name_plural\":\"Training\",\"show_unit_in_availability\":\"0\",\"places_number\":\"0\",\"min_bookings_per_user\":\"1\",\"max_bookings_per_user\":\"25\",\"max_users_per_event\":\"0\",\"booking_changes_deadline\":\"\",\"allowed_roles\":[],\"multilingual_unit_name_singular\":\"Training\",\"multilingual_unit_name_plural\":\"Training\"}},\"8\":{\"id\":\"8\",\"title\":\"Training (Stadion)\",\"duration\":\"000.01:30:00\",\"color\":\"#0b7bc1\",\"availability\":\"20\",\"active\":\"1\",\"multilingual_title\":\"Training (Stadion)\",\"settings\":{\"unit_name_singular\":\"Training\",\"unit_name_plural\":\"Training\",\"show_unit_in_availability\":\"0\",\"places_number\":\"0\",\"min_bookings_per_user\":\"1\",\"max_bookings_per_user\":\"20\",\"max_users_per_event\":\"0\",\"booking_changes_deadline\":\"\",\"allowed_roles\":[],\"multilingual_unit_name_singular\":\"Training\",\"multilingual_unit_name_plural\":\"Training\"}}},\"groups_events\":[],\"groups_data\":[],\"group_categories_data\":[],\"no_events\":0,\"id\":\"bookacti-booking-system-form-2-308153569\",\"class\":\"\",\"hide_availability\":100,\"calendars\":[2],\"activities\":[6,5,7,8],\"group_categories\":[\"none\"],\"groups_only\":0,\"groups_single_events\":0,\"multiple_bookings\":0,\"bookings_only\":0,\"tooltip_booking_list\":0,\"tooltip_booking_list_columns\":[],\"status\":[],\"user_id\":0,\"method\":\"calendar\",\"auto_load\":1,\"start\":\"2026-05-12 18:00:00\",\"end\":\"2026-05-21 19:30:00\",\"trim\":1,\"past_events\":0,\"past_events_bookable\":0,\"days_off\":[],\"check_roles\":1,\"picked_events\":[],\"form_id\":2,\"form_action\":\"default\",\"when_perform_form_action\":\"on_submit\",\"redirect_url_by_activity\":[],\"redirect_url_by_group_category\":[],\"display_data\":{\"slotMinTime\":\"00:00\",\"slotMaxTime\":\"24:00\"}};\n\t\t<\/script>\n\t\t\t\t\n\t\t<div class='bookacti-booking-system-inputs'>\n\t\t\t<!-- Backward compatibility -->\n\t\t\t<input type='hidden' name='bookacti_group_id' value='0' \/>\n\t\t\t<input type='hidden' name='bookacti_event_id' value='' \/>\n\t\t\t<input type='hidden' name='bookacti_event_start' value='' \/>\n\t\t\t<input type='hidden' name='bookacti_event_end' value='' \/>\n\t\t\t\t\t<\/div>\n\t\t\n\t\t\t\t\n\t\t<div id='bookacti-booking-system-form-2-308153569' class='bookacti-booking-system ' >\n\t\t\t\t\t<div class='bookacti-calendar-title bookacti-booking-system-title'>\n\t\t\tBitte w\u00e4hlen Sie die Veranstaltung im Kalender:\t\t<\/div>\n\t\t<div class='bookacti-calendar'><\/div>\n\t<div class=\"bookacti-loading-container\"><div class=\"bookacti-loading-image\"><div class=\"bookacti-spinner\"><\/div><\/div><div class=\"bookacti-loading-text\">Loading<\/div><\/div>\t\t<\/div>\n\t\t\n\t\t\t\t\n\t\t<div class='bookacti-picked-events' style='display:none;' >\n\t\t\t<div class='bookacti-picked-events-list-title' ><\/div>\n\t\t\t<ul class='bookacti-picked-events-list bookacti-custom-scrollbar' >\n\t\t\t\t\t\t\t<\/ul>\n\t\t<\/div>\n\t\t\n\t\t<div class='bookacti-notices' style='display:none;' >\n\t\t\t\t\t<\/div>\n\t\t\n\t\t<div class='bookacti-tooltips-container'>\n\t\t\t\t\t<\/div>\n\t\t\n\t\t\t<\/div>\n\t<div id='bookacti-booking-system-form-2-308153569-dialogs' class='bookacti-booking-system-dialogs' >\n\t\t\t<!-- Choose a group of events -->\n\t<div id='bookacti-booking-system-form-2-308153569-choose-group-of-events-dialog' \n\t\t data-booking-system-id='bookacti-booking-system-form-2-308153569' \n\t\t class='bookacti-backend-dialog bookacti-choose-group-of-events-dialog bookacti-booking-system-dialog' \n\t\t title='This event is available in several bundles' \n\t\t style='display:none;' >\n\t\tWhich group of events do you want to pick?\t\t<div id='bookacti-booking-system-form-2-308153569-groups-of-events-list' class='bookacti-groups-of-events-list' ><\/div>\n\t<\/div>\n\n\t\t<\/div>\n\t\t\t<\/div>\r\n\t<\/div>\r\n\t<div class='bookacti-form-field-container bookacti-form-field-name-login bookacti-form-field-type-login bookacti-form-field-id-7 bookacti-has-login-button bookacti-user-is-not-logged-in' id='bookacti-form-field-login-7-form-2-308153569' data-field-name=\"login\" data-field-type=\"login\" data-field-id=\"7\">\r\n\t\t\t\t<div class='bookacti-form-field-login-field-container bookacti-login-field-login-type bookacti-custom-radio-button-container bookacti-login-types-hidden' data-field-name='login_type'>\r\n\t\t\t\t\t\t<div class='bookacti-login-type-container bookacti-custom-radio-button bookacti-login-type-no_account' data-separator='or'>\r\n\t\t\t\t\t<input type='radio' name='login_type' value='no_account' id='bookacti-form-2-308153569-login-type-no_account' required  checked='checked'\/>\r\n\t\t\t\t\t<label for='bookacti-form-2-308153569-login-type-no_account' \r\n\t\t\t\t\t\t   \r\n\t\t\t\t\t>\r\n\t\t\t\t\tBook without account\t\t\t\t\t<\/label>\r\n\t\t\t\t<\/div>\r\n\t\t\t\t\t\t\t<\/div>\r\n\t\t\t\t<div class='bookacti-user-data-fields'>\r\n\t\t\t<div class='bookacti-log-in-fields'>\r\n\t\t\t\t\t\t\t\t<div class='bookacti-form-field-login-field-container bookacti-login-field-email' id='bookacti-form-field-login-7-form-2-308153569-email-container' data-field-name='email' data-field-type='email'>\r\n\t\t\t\t\t<div class='bookacti-form-field-label' >\r\n\t\t\t\t\t\t<label for='bookacti-form-field-login-7-form-2-308153569-email' >\r\n\t\t\t\t\t\tE-Mail<span class=\"bookacti-required-field-indicator\" title=\"Required field\"><\/span>\t\t\t\t\t\t<\/label>\r\n\t\t\t\t\t\t\t\t\t\t<\/div>\r\n\t\t\t\t\t<div class='bookacti-form-field-content' >\r\n\t\t\t\t\t\t\t<input type='email' \n\t\t\t\tname='email' \n\t\t\t\tvalue='' \n\t\t\t\tautocomplete='off'\n\t\t\t\tid='bookacti-form-field-login-7-form-2-308153569-email' \n\t\t\t\tclass='bookacti-input bookacti-form-field bookacti-email bookacti-required-field' \n\t\t\t\t\t\t\tplaceholder='' \n\t\t\t required\t\t\/>\n\t\t\t\t\t\t<\/div>\r\n\t\t\t\t\t\t\t\t\t<\/div>\r\n\t\t\t\t<div class='bookacti-form-field-login-field-container bookacti-login-field-password ' id='bookacti-form-field-login-7-form-2-308153569-password-container' data-field-name='password' data-field-type='password'>\r\n\t\t\t\t\t<div class='bookacti-form-field-label' >\r\n\t\t\t\t\t\t<label for='bookacti-form-field-login-7-form-2-308153569-password' >\r\n\t\t\t\t\t\tPassword<span class=\"bookacti-required-field-indicator\" title=\"Required field\"><\/span>\t\t\t\t\t\t<\/label>\r\n\t\t\t\t\t\t\t\t\t\t<\/div>\r\n\t\t\t\t\t<div class='bookacti-form-field-content' >\r\n\t\t\t\t\t\t\t<input type='password' \n\t\t\t\tname='password' \n\t\t\t\tvalue='' \n\t\t\t\tautocomplete='off'\n\t\t\t\tid='bookacti-form-field-login-7-form-2-308153569-password' \n\t\t\t\tclass='bookacti-input bookacti-form-field bookacti-password bookacti-required-field' \n\t\t\t\t\t\t\tplaceholder='' \n\t\t\t required\t\t\/>\n\t\t\t\t\t\t\t\t<div class='bookacti-password-strength' style='display:none;'>\r\n\t\t\t\t\t\t\t\t<span class='bookacti-password-strength-meter'><\/span>\r\n\t\t\t\t\t\t\t\t<input type='hidden' name='password_strength' class='bookacti-password_strength' value='0' min='4' \/>\r\n\t\t\t\t\t\t\t<\/div>\r\n\t\t\t\t\t\t\t\t\t\t\t\t\t\t<div class='bookacti-forgotten-password' >\r\n\t\t\t\t\t\t\t\t<a href='#' class='bookacti-forgotten-password-link' data-field-id='bookacti-form-field-login-7-form-2-308153569' >Forgot your password?<\/a>\r\n\t\t\t\t\t\t\t\t\t\t\t\t\t\t<\/div>\r\n\t\t\t\t\t\t\t\t\t\t\t\t\t\t<div data-field-id='bookacti-form-field-login-7-form-2-308153569' class='bookacti-backend-dialog bookacti-forgotten-password-dialog bookacti-form-dialog' title='Forgotten password' style='display:none;' >\r\n\t\t\t\t\t\t\t\t<div class='bookacti-forgotten-password-dialog-description' >\r\n\t\t\t\t\t\t\t\t\t<p>\r\n\t\t\t\t\t\t\t\t\tPlease enter your email address. You will receive a link to create a new password via email.\t\t\t\t\t\t\t\t\t<\/p>\r\n\t\t\t\t\t\t\t\t<\/div>\r\n\t\t\t\t\t\t\t\t<div class='bookacti-forgotten-password-dialog-fields' >\r\n\t\t\t\t\t\t\t\t\t\t\t<div class='bookacti-field-container ' id='bookacti-forgotten-password-email-bookacti-form-field-login-7-form-2-308153569-container'>\n\t\t\t\t<input type='email' \n\t\t\t\tname='forgotten_password_email' \n\t\t\t\tvalue='' \n\t\t\t\tautocomplete='off'\n\t\t\t\tid='bookacti-forgotten-password-email-bookacti-form-field-login-7-form-2-308153569' \n\t\t\t\tclass='bookacti-input bookacti-forgotten-password-email' \n\t\t\t\t\t\t\tplaceholder='Your email address' \n\t\t\t\t\t\/>\n\t\t\t<\/div>\n\t\t\t\t\t\t\t\t\t<\/div>\r\n\t\t\t\t\t\t\t<\/div>\r\n\t\t\t\t\t\t\t\t\t\t\t<\/div>\r\n\t\t\t\t\t\t\t\t\t<\/div>\r\n\t\t\t\t\t\t\t<\/div>\r\n\t\t\t\t\t\t\t\t<div class='bookacti-register-fields' id='bookacti-form-field-login-7-form-2-308153569-register-fields' style='display:none;' >\r\n\t\t\t\t\t\t\t\t\t\t\t\t\t\t<div class='bookacti-form-field-login-field-container bookacti-login-field-first_name' id='bookacti-form-field-login-7-form-2-308153569-first_name-container' data-field-name='first_name' data-field-type='text'>\r\n\t\t\t\t\t\t\t\t\t\t\t\t\t\t\t\t\t\t\t<div class='bookacti-form-field-label' >\r\n\t\t\t\t\t\t\t\t\t\t\t<label for='bookacti-form-field-login-7-form-2-308153569-first_name' >\r\n\t\t\t\t\t\t\t\t\t\t\tVor- &amp; Nachname des Erziehungsberechtigten<span class=\"bookacti-required-field-indicator\" title=\"Required field\"><\/span>\t\t\t\t\t\t\t\t\t\t\t<\/label>\r\n\t\t\t\t\t\t\t\t\t\t\t\t\t\t\t\t\t\t\t\t<\/div>\r\n\t\t\t\t\t\t\t\t\t\t\t\t\t\t\t\t\t\t<div class='bookacti-form-field-content' >\r\n\t\t\t\t\t\t\t\t\t\t\t<input type='text' \n\t\t\t\tname='first_name' \n\t\t\t\tvalue='' \n\t\t\t\tautocomplete='off'\n\t\t\t\tid='bookacti-form-field-login-7-form-2-308153569-first_name' \n\t\t\t\tclass='bookacti-input bookacti-form-field bookacti-first_name bookacti-required-field' \n\t\t\t\t\t\t\tplaceholder='' \n\t\t\t required\t\t\/>\n\t\t\t\t\t\t\t\t\t\t<\/div>\r\n\t\t\t\t\t\t\t\t\t\t\t\t\t\t\t\t\t<\/div>\r\n\t\t\t\t\t\t\t\t\t\t\t\t\t\t\t<div class='bookacti-form-field-login-field-container bookacti-login-field-last_name' id='bookacti-form-field-login-7-form-2-308153569-last_name-container' data-field-name='last_name' data-field-type='text'>\r\n\t\t\t\t\t\t\t\t\t\t\t\t\t\t\t\t\t\t\t<div class='bookacti-form-field-label' >\r\n\t\t\t\t\t\t\t\t\t\t\t<label for='bookacti-form-field-login-7-form-2-308153569-last_name' >\r\n\t\t\t\t\t\t\t\t\t\t\tVor- &amp; Nachname des Kindes<span class=\"bookacti-required-field-indicator\" title=\"Required field\"><\/span>\t\t\t\t\t\t\t\t\t\t\t<\/label>\r\n\t\t\t\t\t\t\t\t\t\t\t\t\t\t\t\t\t\t\t\t<\/div>\r\n\t\t\t\t\t\t\t\t\t\t\t\t\t\t\t\t\t\t<div class='bookacti-form-field-content' >\r\n\t\t\t\t\t\t\t\t\t\t\t<input type='text' \n\t\t\t\tname='last_name' \n\t\t\t\tvalue='' \n\t\t\t\tautocomplete='off'\n\t\t\t\tid='bookacti-form-field-login-7-form-2-308153569-last_name' \n\t\t\t\tclass='bookacti-input bookacti-form-field bookacti-last_name bookacti-required-field' \n\t\t\t\t\t\t\tplaceholder='' \n\t\t\t required\t\t\/>\n\t\t\t\t\t\t\t\t\t\t<\/div>\r\n\t\t\t\t\t\t\t\t\t\t\t\t\t\t\t\t\t<\/div>\r\n\t\t\t\t\t\t\t\t\t\t\t\t\t\t\t<div class='bookacti-form-field-login-field-container bookacti-login-field-phone' id='bookacti-form-field-login-7-form-2-308153569-phone-container' data-field-name='phone' data-field-type='tel'>\r\n\t\t\t\t\t\t\t\t\t\t\t\t\t\t\t\t\t\t\t<div class='bookacti-form-field-label' >\r\n\t\t\t\t\t\t\t\t\t\t\t<label for='bookacti-form-field-login-7-form-2-308153569-phone' >\r\n\t\t\t\t\t\t\t\t\t\t\tTelefon<span class=\"bookacti-required-field-indicator\" title=\"Required field\"><\/span>\t\t\t\t\t\t\t\t\t\t\t<\/label>\r\n\t\t\t\t\t\t\t\t\t\t\t\t\t\t\t\t\t\t\t\t<\/div>\r\n\t\t\t\t\t\t\t\t\t\t\t\t\t\t\t\t\t\t<div class='bookacti-form-field-content' >\r\n\t\t\t\t\t\t\t\t\t\t\t<input type='tel' \n\t\t\t\tname='phone' \n\t\t\t\tvalue='' \n\t\t\t\tautocomplete='off'\n\t\t\t\tid='bookacti-form-field-login-7-form-2-308153569-phone' \n\t\t\t\tclass='bookacti-input bookacti-form-field bookacti-phone bookacti-required-field' \n\t\t\t\t\t\t\tplaceholder='' \n\t\t\t required\t\t\/>\n\t\t\t\t\t\t\t\t\t\t<\/div>\r\n\t\t\t\t\t\t\t\t\t\t\t\t\t\t\t\t\t<\/div>\r\n\t\t\t\t\t\t\t\t\t\t\t\t<\/div>\r\n\t\t\t\t\t\t\t<div class='bookacti-form-field-login-field-container bookacti-login-field-submit-button' id='bookacti-form-field-login-7-form-2-308153569-submit-button' style='display:none;'>\r\n\t\t\t\t<input type='button' value='Log in' class='bookacti-login-button button' data-login-label='Log in' data-register-label='Register'\/>\r\n\t\t\t<\/div>\r\n\t\t\t\t\t<\/div>\r\n\t<\/div>\r\n\t\t<div class='bookacti-form-field-container bookacti-form-field-name-submit bookacti-form-field-type-submit bookacti-form-field-id-9' id='bookacti-form-field-submit-9-form-2-308153569' data-field-name=\"submit\" data-field-type=\"submit\" data-field-id=\"9\">\r\n\t\t<input type='submit' class='bookacti-submit-form button' value='Anmelden'\/>\r\n\t\t<input type='button' class='bookacti-new-booking-button button' value='Erneut Anmelden' style='display:none;'\/>\r\n\t<\/div>\r\n\t\t<div class='bookacti-form-field-container bookacti-form-field-name-quantity bookacti-form-field-type-quantity  bookacti-hidden-field' id='bookacti-compulsory-quantity-field' data-field-name=\"quantity\" data-field-type=\"quantity\">\r\n\t\t\t<div class='bookacti-form-field-label' >\r\n\t\t\t<label>\r\n\t\t\tQuantity<span class=\"bookacti-required-field-indicator\" title=\"Required field\"><\/span>\t\t\t<\/label>\r\n\t\t\t\t<\/div>\r\n\t\t\t<div class='bookacti-form-field-content' >\r\n\t\t\t\t<input type='number' \n\t\t\t\tname='quantity' \n\t\t\t\tvalue='1' \n\t\t\t\tautocomplete='off'\n\t\t\t\tid='fd79a0cff8bb453980a6bd143fddef8c' \n\t\t\t\tclass='bookacti-input bookacti-form-field bookacti-quantity' \n\t\t\t\t\t\t\tplaceholder='' \n\t\t\t\t\t\t\tmin='1' \n\t\t\t\tmax=''\n\t\t\t\tstep=''\n\t\t\t\t\t\/>\n\t\t\t<\/div>\r\n\t<\/div>\r\n\t\t\t<div class='bookacti-notices' style='display:none;'><\/div>\r\n\t\t\t<\/form>\r\n\t\n\n\n\n<p><\/p>\n","protected":false},"excerpt":{"rendered":"<p>Die Gruppe der j\u00fcngsten Sportler unter der Leitung von Andreas Kiermeier trainiert von 18:00-19:30 Uhr in der Dreifachturnhalle der Mittelschule in Plattling. Wir bitten um Verst\u00e4ndnis daf\u00fcr, dass wir uns f\u00fcr eine begrenzte Teilnehmeranzahl bei der Kinderleichtathletik entschieden haben. Dies<\/p>\n","protected":false},"author":11,"featured_media":0,"parent":2191,"menu_order":0,"comment_status":"closed","ping_status":"closed","template":"","meta":{"footnotes":""},"class_list":["post-2101","page","type-page","status-publish","hentry"],"_links":{"self":[{"href":"https:\/\/www.tsvplattling.de\/index.php\/wp-json\/wp\/v2\/pages\/2101","targetHints":{"allow":["GET"]}}],"collection":[{"href":"https:\/\/www.tsvplattling.de\/index.php\/wp-json\/wp\/v2\/pages"}],"about":[{"href":"https:\/\/www.tsvplattling.de\/index.php\/wp-json\/wp\/v2\/types\/page"}],"author":[{"embeddable":true,"href":"https:\/\/www.tsvplattling.de\/index.php\/wp-json\/wp\/v2\/users\/11"}],"replies":[{"embeddable":true,"href":"https:\/\/www.tsvplattling.de\/index.php\/wp-json\/wp\/v2\/comments?post=2101"}],"version-history":[{"count":19,"href":"https:\/\/www.tsvplattling.de\/index.php\/wp-json\/wp\/v2\/pages\/2101\/revisions"}],"predecessor-version":[{"id":3434,"href":"https:\/\/www.tsvplattling.de\/index.php\/wp-json\/wp\/v2\/pages\/2101\/revisions\/3434"}],"up":[{"embeddable":true,"href":"https:\/\/www.tsvplattling.de\/index.php\/wp-json\/wp\/v2\/pages\/2191"}],"wp:attachment":[{"href":"https:\/\/www.tsvplattling.de\/index.php\/wp-json\/wp\/v2\/media?parent=2101"}],"curies":[{"name":"wp","href":"https:\/\/api.w.org\/{rel}","templated":true}]}}