{"id":158,"date":"2016-01-09T21:54:30","date_gmt":"2016-01-09T20:54:30","guid":{"rendered":"http:\/\/tsvplattling.de\/?page_id=158"},"modified":"2023-11-18T20:21:14","modified_gmt":"2023-11-18T19:21:14","slug":"geschaeftsstelle","status":"publish","type":"page","link":"https:\/\/www.tsvplattling.de\/index.php\/verein\/geschaeftsstelle\/","title":{"rendered":"Gesch\u00e4ftsstelle"},"content":{"rendered":"<p>Zentraler Anlaufpunkt f\u00fcr unsere Mitglieder ist unsere Gesch\u00e4ftsstelle. Egal, ob versicherungstechnische Fragen zum Trainingsbetrieb, Angelegenheiten in Sachen Mitgliederverwaltung oder Anfragen zum Trainingsbetrieb des TSV Plattling.<\/p>\n<h2>Anfahrt<\/h2>\n<p>Lagerhausstra\u00dfe 17a<br \/>\n94447 Plattling (\u00fcber dem Fitnessstudio BodyFit)<\/p>\n<h2>\u00d6ffnungszeiten<\/h2>\n<p>Montag, 15:30 \u2013 18:30 Uhr<br \/>\nDonnerstag, 7:30 \u2013 9:30 Uhr<\/p>\n<h2>Kontakt<\/h2>\n<p>E-Mail: <a href=\"mailto:tsv-plattling@online.de\">tsv-plattling@online.de<br \/>\n<\/a>Telefon: 09931 929881<\/p>\n<p style=\"text-align: center;\"><a href=\"http:\/\/tsvplattling.de\/wp-content\/uploads\/2018\/01\/TSV-019.jpg\"><img loading=\"lazy\" decoding=\"async\" class=\"alignnone  wp-image-1121\" src=\"http:\/\/tsvplattling.de\/wp-content\/uploads\/2018\/01\/TSV-019-300x225.jpg\" alt=\"\" width=\"391\" height=\"293\" srcset=\"https:\/\/www.tsvplattling.de\/wp-content\/uploads\/2018\/01\/TSV-019-300x225.jpg 300w, https:\/\/www.tsvplattling.de\/wp-content\/uploads\/2018\/01\/TSV-019-768x576.jpg 768w, https:\/\/www.tsvplattling.de\/wp-content\/uploads\/2018\/01\/TSV-019-1024x768.jpg 1024w\" sizes=\"auto, (max-width: 391px) 100vw, 391px\" \/><\/a><\/p>\n","protected":false},"excerpt":{"rendered":"<p>Zentraler Anlaufpunkt f\u00fcr unsere Mitglieder ist unsere Gesch\u00e4ftsstelle. Egal, ob versicherungstechnische Fragen zum Trainingsbetrieb, Angelegenheiten in Sachen Mitgliederverwaltung oder Anfragen zum Trainingsbetrieb des TSV Plattling. Anfahrt Lagerhausstra\u00dfe 17a 94447 Plattling (\u00fcber dem Fitnessstudio BodyFit) \u00d6ffnungszeiten Montag, 15:30 \u2013 18:30 Uhr<\/p>\n","protected":false},"author":1,"featured_media":0,"parent":142,"menu_order":0,"comment_status":"closed","ping_status":"closed","template":"","meta":{"footnotes":""},"class_list":["post-158","page","type-page","status-publish","hentry"],"_links":{"self":[{"href":"https:\/\/www.tsvplattling.de\/index.php\/wp-json\/wp\/v2\/pages\/158","targetHints":{"allow":["GET"]}}],"collection":[{"href":"https:\/\/www.tsvplattling.de\/index.php\/wp-json\/wp\/v2\/pages"}],"about":[{"href":"https:\/\/www.tsvplattling.de\/index.php\/wp-json\/wp\/v2\/types\/page"}],"author":[{"embeddable":true,"href":"https:\/\/www.tsvplattling.de\/index.php\/wp-json\/wp\/v2\/users\/1"}],"replies":[{"embeddable":true,"href":"https:\/\/www.tsvplattling.de\/index.php\/wp-json\/wp\/v2\/comments?post=158"}],"version-history":[{"count":5,"href":"https:\/\/www.tsvplattling.de\/index.php\/wp-json\/wp\/v2\/pages\/158\/revisions"}],"predecessor-version":[{"id":2901,"href":"https:\/\/www.tsvplattling.de\/index.php\/wp-json\/wp\/v2\/pages\/158\/revisions\/2901"}],"up":[{"embeddable":true,"href":"https:\/\/www.tsvplattling.de\/index.php\/wp-json\/wp\/v2\/pages\/142"}],"wp:attachment":[{"href":"https:\/\/www.tsvplattling.de\/index.php\/wp-json\/wp\/v2\/media?parent=158"}],"curies":[{"name":"wp","href":"https:\/\/api.w.org\/{rel}","templated":true}]}}