{"id":148,"date":"2016-01-09T21:36:00","date_gmt":"2016-01-09T20:36:00","guid":{"rendered":"http:\/\/tsvplattling.de\/?page_id=148"},"modified":"2016-01-09T21:36:00","modified_gmt":"2016-01-09T20:36:00","slug":"turnrat","status":"publish","type":"page","link":"https:\/\/www.tsvplattling.de\/index.php\/verein\/turnrat\/","title":{"rendered":"Turnrat"},"content":{"rendered":"<p>Der Turnrat ber\u00e4t den Verwaltungsrat in seinen Aufgaben und trifft sich ebenfalls mindestens viermal im Gesch\u00e4ftsjahr. Er setzt sich zusammen aus den Mitgliedern des Verwaltungsrates sowie den Abteilungsleitern. Die Mitgliederversammlung hat dar\u00fcber hinaus noch die M\u00f6glichkeit, Beisitzer f\u00fcr bestimmte Aufgabengebiete zu w\u00e4hlen. Er ist insbesondere f\u00fcr folgende Aufgabengebiete zust\u00e4ndig:<\/p>\n<ul>\n<li>Beschlussfassung des Vereinshaushalts und R\u00fccklagenbildung<\/li>\n<li>Beschlussfassung von Vereinsordnungen, mit Ausnahme der Gesch\u00e4ftsordnung<\/li>\n<li>Beschlussfassung \u00fcber die Aufl\u00f6sung von Abteilungen<\/li>\n<li>Beschlussfassung \u00fcber die Ernennung von Ehrenmitgliedern<\/li>\n<\/ul>\n","protected":false},"excerpt":{"rendered":"<p>Der Turnrat ber\u00e4t den Verwaltungsrat in seinen Aufgaben und trifft sich ebenfalls mindestens viermal im Gesch\u00e4ftsjahr. Er setzt sich zusammen aus den Mitgliedern des Verwaltungsrates sowie den Abteilungsleitern. Die Mitgliederversammlung hat dar\u00fcber hinaus noch die M\u00f6glichkeit, Beisitzer f\u00fcr bestimmte Aufgabengebiete<\/p>\n","protected":false},"author":1,"featured_media":0,"parent":142,"menu_order":0,"comment_status":"closed","ping_status":"closed","template":"","meta":{"footnotes":""},"class_list":["post-148","page","type-page","status-publish","hentry"],"_links":{"self":[{"href":"https:\/\/www.tsvplattling.de\/index.php\/wp-json\/wp\/v2\/pages\/148","targetHints":{"allow":["GET"]}}],"collection":[{"href":"https:\/\/www.tsvplattling.de\/index.php\/wp-json\/wp\/v2\/pages"}],"about":[{"href":"https:\/\/www.tsvplattling.de\/index.php\/wp-json\/wp\/v2\/types\/page"}],"author":[{"embeddable":true,"href":"https:\/\/www.tsvplattling.de\/index.php\/wp-json\/wp\/v2\/users\/1"}],"replies":[{"embeddable":true,"href":"https:\/\/www.tsvplattling.de\/index.php\/wp-json\/wp\/v2\/comments?post=148"}],"version-history":[{"count":1,"href":"https:\/\/www.tsvplattling.de\/index.php\/wp-json\/wp\/v2\/pages\/148\/revisions"}],"predecessor-version":[{"id":149,"href":"https:\/\/www.tsvplattling.de\/index.php\/wp-json\/wp\/v2\/pages\/148\/revisions\/149"}],"up":[{"embeddable":true,"href":"https:\/\/www.tsvplattling.de\/index.php\/wp-json\/wp\/v2\/pages\/142"}],"wp:attachment":[{"href":"https:\/\/www.tsvplattling.de\/index.php\/wp-json\/wp\/v2\/media?parent=148"}],"curies":[{"name":"wp","href":"https:\/\/api.w.org\/{rel}","templated":true}]}}