{"id":112,"date":"2016-01-09T12:00:10","date_gmt":"2016-01-09T11:00:10","guid":{"rendered":"http:\/\/tsvplattling.de\/?page_id=112"},"modified":"2018-01-02T08:03:19","modified_gmt":"2018-01-02T07:03:19","slug":"sportstaetten","status":"publish","type":"page","link":"https:\/\/www.tsvplattling.de\/index.php\/sportstaetten\/","title":{"rendered":"Sportst\u00e4tten"},"content":{"rendered":"<h2>Beachvolleyballplatz<\/h2>\n<p>Egal, ob im Sommer zu Beachfesten, Beachsoccer-Turnieren, Beachparties oder im Winter zum Eisstockschie\u00dfen, unser Beachvolleyballplatz ist zu jeder Jahreszeit gut besucht. Auf zwei Beachvolleyballfeldern kann man sich rund um die Uhr austoben.<\/p>\n<p>Anfahrt: Georg-Eckl-Stra\u00dfe, gegen\u00fcber Mittelschule<\/p>\n<p>Ansprechpartner f\u00fcr eine m\u00f6gliche Buchung:<br \/>\nHerr Stephan R\u00f6sch<br \/>\nMobil: 0170 1915334<br \/>\nMail: <a href=\"mailto:stephan.r@onlinehome.de\">stephan.r@onlinehome.de<\/a><\/p>\n<h2>Karl-Weinberger-Stadion<\/h2>\n<p>Als Heimat unserer Leichtathleten sowie des Sportabzeichen-Teams gilt das Karl-Weinberger-Stadion in der Plattlinger Au. Fast jedes Jahr finden neben den Sportfesten der Plattlinger Schulen auch gr\u00f6\u00dfere Leichtathletik-Wettk\u00e4mpfe wie etwa Niederbayerische Meisterschaften statt. H\u00f6hepunkt waren sicherlich die Bayerischen Leichtathletik-Meisterschaften im Jahr 2013, bei denen das prall gef\u00fcllte Stadionrund die Athleten zu H\u00f6chstleistungen peitschte. Bestens ausgestattet mit modernen Hochsprung- und Stabhochsprunganlagen, Weitsprunganlagen, Diskus- und Kugelsto\u00dfanlagen bietet das Stadion alles, um optimale Trainingsbedingungen f\u00fcr unsere Plattlinger Sportler zu gew\u00e4hrleisten. Auf dem Nebenplatz findet sich zudem eine Hammerwurfanlage. Die unmittelbar benachbarten Isarauen laden t\u00e4glich L\u00e4ufer und Nordic Walker zu ihrem Workout ein.<\/p>\n<p>Anfahrt: Georg-Eckl-Stra\u00dfe 24, neben Freibad<\/p>\n<h2>Reitgel\u00e4nde<\/h2>\n<p>Das traditionelle Reitgel\u00e4nde des TSV Plattling inmitten der idyllischen Isarauen ist wundersch\u00f6n gelegen und bietet traumhafte Ausreitm\u00f6glichkeiten ohne mit dem Stra\u00dfenverkehr in Ber\u00fchrung zu kommen. Neben einer Reithalle und einem Au\u00dfenplatz f\u00fcr das Reittraining sind ein Schulungsraum sowie zahlreiche Einstellboxen f\u00fcr Pferde vorhanden, welche angemietet werden k\u00f6nnen.<\/p>\n<p>Anfahrt: Georg-Eckl-Stra\u00dfe 19<\/p>\n<p>Ansprechpartner f\u00fcr Boxenmiete und Reitunterricht:<br \/>\nMartina Liebl<br \/>\nMobil: 0160 8840260<br \/>\nMail: <a href=\"mailto:martina.liebl@web.de\">martina.liebl@web.de<\/a><\/p>\n<h2>Gymnastikraum<\/h2>\n<p>Um neben dem normalen Sportbetrieb auch Gymnastikstunden sowie zus\u00e4tzliche Kursangebote wie Yoga, Life Kinetik, Selbstverteidigung, etc. anbieten zu k\u00f6nnen besitzt der TSV Plattling e. V. auch einen eigenen Gymnastikraum, der zudem als Trainingsst\u00e4tte Heimat f\u00fcr die Abteilungen Aikido, Qi Gong und Karate ist. Ebenso wurden schon Lehrg\u00e4nge und Fortbildungen in diesem Raum durchgef\u00fchrt. Neben Trainingsger\u00e4ten und Sportmatten beinhaltet der Raum eine Spiegelfront sowie eine Musikanlage, um gut motiviert das Training meistern zu k\u00f6nnen.<\/p>\n<p>Anfahrt: Lagerhausstra\u00dfe 17a, 3. OG \u00fcber Fitnessstudio BodyFit<\/p>\n<p>Ansprechpartner f\u00fcr Mieten des Raums, Preise nach Vereinbarung:<br \/>\nTSV Plattling Gesch\u00e4ftsstelle (\u00d6ffnungszeiten siehe auf Homepage)<br \/>\nTelefon: 09931 929881<br \/>\nMail: <a href=\"mailto:tsv-plattling@online.de\">tsv-plattling@online.de<\/a><\/p>\n<h2>Turnhallen<\/h2>\n<p>Mit um die 20 Abteilungen ist der TSV Plattling der gr\u00f6\u00dfte Sportverein in Plattling. Dementsprechend gibt es auch viele Abteilungen, welche zur Aufrechterhaltung ihres Trainings und Sportbetriebes in den Plattlinger Turnhallen untergebracht sind. Hier die Anschriften der Turnhallen, in denen Abteilungen des TSV Plattling trainieren.<\/p>\n<p>Zweifachturnhalle Grundschule: Preysingstra\u00dfe 21, 94447 Plattling<br \/>\nZweifachturnhalle Realschule: Salvatorstra\u00dfe 17, 94447 Plattling<br \/>\nDreifachturnhalle Mittelschule: Georg-Eckl-Stra\u00dfe 16, 94447 Plattling<\/p>\n<p>&nbsp;<\/p>\n","protected":false},"excerpt":{"rendered":"<p>Beachvolleyballplatz Egal, ob im Sommer zu Beachfesten, Beachsoccer-Turnieren, Beachparties oder im Winter zum Eisstockschie\u00dfen, unser Beachvolleyballplatz ist zu jeder Jahreszeit gut besucht. Auf zwei Beachvolleyballfeldern kann man sich rund um die Uhr austoben. Anfahrt: Georg-Eckl-Stra\u00dfe, gegen\u00fcber Mittelschule Ansprechpartner f\u00fcr eine<\/p>\n","protected":false},"author":1,"featured_media":0,"parent":0,"menu_order":0,"comment_status":"closed","ping_status":"closed","template":"","meta":{"footnotes":""},"class_list":["post-112","page","type-page","status-publish","hentry"],"_links":{"self":[{"href":"https:\/\/www.tsvplattling.de\/index.php\/wp-json\/wp\/v2\/pages\/112","targetHints":{"allow":["GET"]}}],"collection":[{"href":"https:\/\/www.tsvplattling.de\/index.php\/wp-json\/wp\/v2\/pages"}],"about":[{"href":"https:\/\/www.tsvplattling.de\/index.php\/wp-json\/wp\/v2\/types\/page"}],"author":[{"embeddable":true,"href":"https:\/\/www.tsvplattling.de\/index.php\/wp-json\/wp\/v2\/users\/1"}],"replies":[{"embeddable":true,"href":"https:\/\/www.tsvplattling.de\/index.php\/wp-json\/wp\/v2\/comments?post=112"}],"version-history":[{"count":3,"href":"https:\/\/www.tsvplattling.de\/index.php\/wp-json\/wp\/v2\/pages\/112\/revisions"}],"predecessor-version":[{"id":1032,"href":"https:\/\/www.tsvplattling.de\/index.php\/wp-json\/wp\/v2\/pages\/112\/revisions\/1032"}],"wp:attachment":[{"href":"https:\/\/www.tsvplattling.de\/index.php\/wp-json\/wp\/v2\/media?parent=112"}],"curies":[{"name":"wp","href":"https:\/\/api.w.org\/{rel}","templated":true}]}}