{"id":1117,"date":"2018-01-02T10:39:22","date_gmt":"2018-01-02T09:39:22","guid":{"rendered":"http:\/\/tsvplattling.de\/?page_id=1117"},"modified":"2018-01-02T10:40:32","modified_gmt":"2018-01-02T09:40:32","slug":"arberhuette","status":"publish","type":"page","link":"https:\/\/www.tsvplattling.de\/index.php\/geschichte\/arberhuette\/","title":{"rendered":"Arber-Skih\u00fctte"},"content":{"rendered":"<p>Im November 1950 genehmigte das F\u00fcrstlich Hohenzollerische Forstamt Bayerisch Eisenstein die Aufstellung der Skih\u00fctte des TSV Plattling am Gro\u00dfen Arber, deren Inneres aus einem alten Eisenbahnwaggon besteht. Dass der TSV den Personenwagen damals erhielt, hat er unter anderem den Bem\u00fchungen des Bahnbeamten Hans Berger zu verdanken. Pikantes, historisches Detail: Der Waggon war einer von denen, die beim Bombenangriff der Alliierten auf den Plattlinger Bahnhof am 16. April 1945 beschossen wurden. Bevor der Eisenbahnwaggon dann im November mit der Bundesbahn nach Bayerisch Eisenstein und dann auf Stra\u00dfenrollen zu seinem Platz ca. 200 Meter vor dem Arberlift transportiert wurde, wurden zwar die gr\u00f6\u00dferen Sch\u00e4den repariert, doch zahlreiche kleinere Einschl\u00e4ge blieben. Von Zeit zu Zeit bauten die TSV&#8217;ler dann um den Waggon eine solide H\u00fctte. \u00dcber die Jahrzehnte wurde diese permanent \u00fcberarbeitet, saniert und ausgebaut. In den Hochzeiten der 50er, 60er und 70er Jahre konnte sich der TSV noch nicht \u00fcber geringe Besucherzahlen beklagen. Von Mitte Dezember bis M\u00e4rz war sie stets belegt. Im Jahr 1966 wurde ein zwei Meter langer Anbau beschlossen, um den Besucheransturm bewerkstelligen zu k\u00f6nnen. Seit der Jahrtausendwende jedoch fand sich jedoch kaum noch ein TSV&#8217;ler in der H\u00fctte ein, weshalb sie in den letzten zehn Jahren fast durchgehend leer stand. Das Haus Hohenzollern als Verp\u00e4chter des Grundst\u00fccks k\u00fcndigte zu Beginn des Jahres 2015 dem TSV Plattling schlussendlich den noch g\u00fcltigen Pachtvertrag, da aus dem Hause Hohenzollern kein Interesse mehr an dieser Art von Bauten bestand. So war eine 65-j\u00e4hrige Tradition des Vereins im August 2015 Geschichte, als ein Trupp des TSV Plattling den vertragsm\u00e4\u00dfig erforderlichen R\u00fcckbau der TSV-H\u00fctte am Gro\u00dfen Arber durchf\u00fchrte.<\/p>\n<p>&#8211; Foto Arber-Skih\u00fctte &#8211;<\/p>\n","protected":false},"excerpt":{"rendered":"<p>Im November 1950 genehmigte das F\u00fcrstlich Hohenzollerische Forstamt Bayerisch Eisenstein die Aufstellung der Skih\u00fctte des TSV Plattling am Gro\u00dfen Arber, deren Inneres aus einem alten Eisenbahnwaggon besteht. Dass der TSV den Personenwagen damals erhielt, hat er unter anderem den Bem\u00fchungen<\/p>\n","protected":false},"author":3,"featured_media":0,"parent":116,"menu_order":0,"comment_status":"closed","ping_status":"closed","template":"","meta":{"footnotes":""},"class_list":["post-1117","page","type-page","status-publish","hentry"],"_links":{"self":[{"href":"https:\/\/www.tsvplattling.de\/index.php\/wp-json\/wp\/v2\/pages\/1117","targetHints":{"allow":["GET"]}}],"collection":[{"href":"https:\/\/www.tsvplattling.de\/index.php\/wp-json\/wp\/v2\/pages"}],"about":[{"href":"https:\/\/www.tsvplattling.de\/index.php\/wp-json\/wp\/v2\/types\/page"}],"author":[{"embeddable":true,"href":"https:\/\/www.tsvplattling.de\/index.php\/wp-json\/wp\/v2\/users\/3"}],"replies":[{"embeddable":true,"href":"https:\/\/www.tsvplattling.de\/index.php\/wp-json\/wp\/v2\/comments?post=1117"}],"version-history":[{"count":2,"href":"https:\/\/www.tsvplattling.de\/index.php\/wp-json\/wp\/v2\/pages\/1117\/revisions"}],"predecessor-version":[{"id":1119,"href":"https:\/\/www.tsvplattling.de\/index.php\/wp-json\/wp\/v2\/pages\/1117\/revisions\/1119"}],"up":[{"embeddable":true,"href":"https:\/\/www.tsvplattling.de\/index.php\/wp-json\/wp\/v2\/pages\/116"}],"wp:attachment":[{"href":"https:\/\/www.tsvplattling.de\/index.php\/wp-json\/wp\/v2\/media?parent=1117"}],"curies":[{"name":"wp","href":"https:\/\/api.w.org\/{rel}","templated":true}]}}