{"id":1114,"date":"2018-01-02T10:38:59","date_gmt":"2018-01-02T09:38:59","guid":{"rendered":"http:\/\/tsvplattling.de\/?page_id=1114"},"modified":"2018-01-02T10:38:59","modified_gmt":"2018-01-02T09:38:59","slug":"jahnturnhalle","status":"publish","type":"page","link":"https:\/\/www.tsvplattling.de\/index.php\/geschichte\/jahnturnhalle\/","title":{"rendered":"Jahnturnhalle"},"content":{"rendered":"<p>Seit 1898 begleitete die damals errichtete Turnhalle thematisch und problematisch die Geschichte des TSV. Der Unterhalt einer solchen Halle in der heutigen Zeit ist f\u00fcr einen Verein aber nicht mehr zu schaffen und so musste sich der TSV schweren Herzens von der Immobilie in bester Zentrumslage trennen. 1993 wurde die gute alte Turnhalle an die Stadt Plattling verkauft, im Jahre 2005 wurde sie dann ganz abgerissen. Die sportlichen Erinnerungen ganzer Generationen von Plattlinger B\u00fcrgern sind mit dieser Sportst\u00e4tte verbunden, aber auch zahllose anderweitige Veranstaltungen in dieser Halle bleiben im Ged\u00e4chtnis. Der Verkaufserl\u00f6s kam aber in den Folgejahren wieder dem Sport zugute. Eine eigene Halle f\u00fcr Kampfsportarten (\u201eDojo\u201c) wurde ab 1998 angemietet und umgebaut, am 22. Juli 2005 wurde eine neue Beachvolleyball-Anlage in der Au eingeweiht und seit 2010 floss das Geld auch in die Sanierung der Reitanlage, verbunden mit der Erstellung einer Photovoltaik-Anlage, die dem Verein f\u00fcr die Zukunft die finanziellen Mittel sichern soll.<\/p>\n<p>&#8211; Foto Jahnturnhalle &#8211;<\/p>\n","protected":false},"excerpt":{"rendered":"<p>Seit 1898 begleitete die damals errichtete Turnhalle thematisch und problematisch die Geschichte des TSV. Der Unterhalt einer solchen Halle in der heutigen Zeit ist f\u00fcr einen Verein aber nicht mehr zu schaffen und so musste sich der TSV schweren Herzens<\/p>\n","protected":false},"author":3,"featured_media":0,"parent":116,"menu_order":0,"comment_status":"closed","ping_status":"closed","template":"","meta":{"footnotes":""},"class_list":["post-1114","page","type-page","status-publish","hentry"],"_links":{"self":[{"href":"https:\/\/www.tsvplattling.de\/index.php\/wp-json\/wp\/v2\/pages\/1114","targetHints":{"allow":["GET"]}}],"collection":[{"href":"https:\/\/www.tsvplattling.de\/index.php\/wp-json\/wp\/v2\/pages"}],"about":[{"href":"https:\/\/www.tsvplattling.de\/index.php\/wp-json\/wp\/v2\/types\/page"}],"author":[{"embeddable":true,"href":"https:\/\/www.tsvplattling.de\/index.php\/wp-json\/wp\/v2\/users\/3"}],"replies":[{"embeddable":true,"href":"https:\/\/www.tsvplattling.de\/index.php\/wp-json\/wp\/v2\/comments?post=1114"}],"version-history":[{"count":2,"href":"https:\/\/www.tsvplattling.de\/index.php\/wp-json\/wp\/v2\/pages\/1114\/revisions"}],"predecessor-version":[{"id":1116,"href":"https:\/\/www.tsvplattling.de\/index.php\/wp-json\/wp\/v2\/pages\/1114\/revisions\/1116"}],"up":[{"embeddable":true,"href":"https:\/\/www.tsvplattling.de\/index.php\/wp-json\/wp\/v2\/pages\/116"}],"wp:attachment":[{"href":"https:\/\/www.tsvplattling.de\/index.php\/wp-json\/wp\/v2\/media?parent=1114"}],"curies":[{"name":"wp","href":"https:\/\/api.w.org\/{rel}","templated":true}]}}