{"id":1088,"date":"2018-01-02T09:46:11","date_gmt":"2018-01-02T08:46:11","guid":{"rendered":"http:\/\/tsvplattling.de\/?page_id=1088"},"modified":"2018-01-02T09:46:56","modified_gmt":"2018-01-02T08:46:56","slug":"brainfitness","status":"publish","type":"page","link":"https:\/\/www.tsvplattling.de\/index.php\/abteilungen\/brainfitness\/","title":{"rendered":"Brainfitness"},"content":{"rendered":"<p>Die Abteilung Brainfitness entstand im April 2016 im Zuge einer Bachelorarbeit, welche die Zusammenh\u00e4nge zwischen Bewegung und Gehirnleistung im Alter untersuchte. Nach Abschluss der Arbeit stellte sich jedoch heraus, dass die Teilnehmer an den \u00dcbungsstunden gro\u00dfe Begeisterung fanden. Daher wurde das Trainingsprogramm weiter fortgef\u00fchrt und findet seitdem w\u00f6chentlich statt.<\/p>\n<p><strong>Was ist Brainfitness eigentlich?<\/strong><br \/>\nBrainfitness beschreibt die Mischung zwischen kognitiven \u00dcbungen und einem Koordinations- und Geschicklichkeitstraining. Neben schnellen, sportlichen Fortschritten f\u00fchrt das Training somit auch zu einer verbesserten Ged\u00e4chtnisleistung. Trotz Elementen, die einiges an Konzentration verlangen, wird durch intensive \u00dcbungsreihen auch die k\u00f6rperliche Verfassung der Teilnehmer verbessert. So treffen sich jeden Freitag alle Motivierten im Alter von 40 bis 70 Jahren, um gemeinsam nicht nur K\u00f6rper, sondern auch Geist zu trainieren. Es besteht kein Leistungsdruck und der Spa\u00df steht absolut im Vordergrund. Nach einem ausgedehnten Aufw\u00e4rmprogramm beinhaltet eine Trainingsstunde verschiedene kognitive Spiele und einen Trainingszirkel.<\/p>\n<p>Die Abteilung Brainfitness besteht derzeit aus ca. 20 Mitgliedern. Das Training findet immer <strong>freitags<\/strong> von <strong>20\u201321:30 Uhr<\/strong> statt, von <strong>November bis M\u00e4rz<\/strong> im <strong>Gymnastikraum des TSV Plattling<\/strong> (Body-Fit), von <strong>April bis Oktober<\/strong> in der <strong>Dreifachturnhalle der Mittelschule<\/strong>.<br \/>\nAlle Interessierten sind bei uns im Team jederzeit herzlich willkommen!<\/p>\n<p><strong>\u00dcbungsleiterinnen<\/strong><br \/>\nVeronika Schmid<br \/>\nMail: <a href=\"mailto:veronika-schmid94@gmx.de\">veronika-schmid94@gmx.de<\/a><\/p>\n<p>Monika Schmid<br \/>\nTelefon: 09931 929863<br \/>\nMail: <a href=\"mailto:monika-deggendorf@gmx.de\">monika-deggendorf@gmx.de<\/a><\/p>\n","protected":false},"excerpt":{"rendered":"<p>Die Abteilung Brainfitness entstand im April 2016 im Zuge einer Bachelorarbeit, welche die Zusammenh\u00e4nge zwischen Bewegung und Gehirnleistung im Alter untersuchte. Nach Abschluss der Arbeit stellte sich jedoch heraus, dass die Teilnehmer an den \u00dcbungsstunden gro\u00dfe Begeisterung fanden. Daher wurde<\/p>\n","protected":false},"author":3,"featured_media":0,"parent":272,"menu_order":0,"comment_status":"closed","ping_status":"closed","template":"","meta":{"footnotes":""},"class_list":["post-1088","page","type-page","status-publish","hentry"],"_links":{"self":[{"href":"https:\/\/www.tsvplattling.de\/index.php\/wp-json\/wp\/v2\/pages\/1088","targetHints":{"allow":["GET"]}}],"collection":[{"href":"https:\/\/www.tsvplattling.de\/index.php\/wp-json\/wp\/v2\/pages"}],"about":[{"href":"https:\/\/www.tsvplattling.de\/index.php\/wp-json\/wp\/v2\/types\/page"}],"author":[{"embeddable":true,"href":"https:\/\/www.tsvplattling.de\/index.php\/wp-json\/wp\/v2\/users\/3"}],"replies":[{"embeddable":true,"href":"https:\/\/www.tsvplattling.de\/index.php\/wp-json\/wp\/v2\/comments?post=1088"}],"version-history":[{"count":1,"href":"https:\/\/www.tsvplattling.de\/index.php\/wp-json\/wp\/v2\/pages\/1088\/revisions"}],"predecessor-version":[{"id":1089,"href":"https:\/\/www.tsvplattling.de\/index.php\/wp-json\/wp\/v2\/pages\/1088\/revisions\/1089"}],"up":[{"embeddable":true,"href":"https:\/\/www.tsvplattling.de\/index.php\/wp-json\/wp\/v2\/pages\/272"}],"wp:attachment":[{"href":"https:\/\/www.tsvplattling.de\/index.php\/wp-json\/wp\/v2\/media?parent=1088"}],"curies":[{"name":"wp","href":"https:\/\/api.w.org\/{rel}","templated":true}]}}