{"id":1082,"date":"2018-01-02T09:37:11","date_gmt":"2018-01-02T08:37:11","guid":{"rendered":"http:\/\/tsvplattling.de\/?page_id=1082"},"modified":"2026-04-27T21:27:53","modified_gmt":"2026-04-27T19:27:53","slug":"reiten","status":"publish","type":"page","link":"https:\/\/www.tsvplattling.de\/index.php\/abteilungen\/reiten\/","title":{"rendered":"Reiten"},"content":{"rendered":"\n<p>Herzlich willkommen bei unserer Reitabteilung!<\/p>\n\n\n\n<p>Bei uns steht die Freude am Pferd im Mittelpunkt \u2013 egal ob im klassischen Reitsport oder im spielerischen Bereich des Hobby Horsings. Gemeinsam m\u00f6chten wir einen Ort schaffen, an dem Kinder, Jugendliche und Erwachsene ihre Leidenschaft f\u00fcr Pferde ausleben, Neues lernen und Gemeinschaft erleben k\u00f6nnen.<\/p>\n\n\n\n<p>\u00dcber das Jahr verteilt erwarten euch abwechslungsreiche Veranstaltungen, Ausfl\u00fcge und Aktionen \u2013 vom Training \u00fcber Turniere bis hin zu besonderen Vereinsmomenten wie dem Volksfestauszug, \u201eFerien mit Pfiff\u201c, dem Christkindlmarkt oder gemeinsamen Ausfl\u00fcgen.<\/p>\n\n\n\n<p>Auch unsere regelm\u00e4\u00dfigen Hobby-Horse-Trainings bieten die M\u00f6glichkeit, sich spielerisch auf Turniere vorzubereiten und gemeinsam zu wachsen.<\/p>\n\n\n\n<p>Wir freuen uns \u00fcber alle, die Teil unserer Gemeinschaft werden m\u00f6chten \u2013 ob Anf\u00e4nger oder erfahrene Reiterin bzw. Reiter.<\/p>\n\n\n\n<p><strong>Abteilungsleiterin: Martina Liebl<\/strong><br><strong>Stellv. Abteilungsleiter: Hermann Sattler<\/strong><\/p>\n\n\n\n<p><strong>Bei Fragen und Interesse:<\/strong><\/p>\n\n\n\n<p>Selina Sattler (Schriftf\u00fchrerin): 0176 \/ 76758280<br>Lisa Kretzschmar (Jugend- und Sportwart): 01517 \/ 4595782<br>E-Mail: <a>tsvplattlingreiten@gmx.de<\/a><\/p>\n\n\n\n<p><strong>Abteilungsleiterin<\/strong> <br>Martina Liebl<br>Handy: 0160 8840260<br>Mail: <a href=\"mailto:martina.liebl@web.de\">martina.liebl@web.de<\/a><\/p>\n\n\n\n<figure class=\"wp-block-image size-medium\"><a href=\"https:\/\/www.tsvplattling.de\/wp-content\/uploads\/2026\/04\/image0-1.jpeg\"><img loading=\"lazy\" decoding=\"async\" width=\"300\" height=\"295\" src=\"https:\/\/www.tsvplattling.de\/wp-content\/uploads\/2026\/04\/image0-1-300x295.jpeg\" alt=\"\" class=\"wp-image-3589\" srcset=\"https:\/\/www.tsvplattling.de\/wp-content\/uploads\/2026\/04\/image0-1-300x295.jpeg 300w, https:\/\/www.tsvplattling.de\/wp-content\/uploads\/2026\/04\/image0-1-1024x1007.jpeg 1024w, https:\/\/www.tsvplattling.de\/wp-content\/uploads\/2026\/04\/image0-1-768x756.jpeg 768w, https:\/\/www.tsvplattling.de\/wp-content\/uploads\/2026\/04\/image0-1.jpeg 1179w\" sizes=\"auto, (max-width: 300px) 100vw, 300px\" \/><\/a><\/figure>\n","protected":false},"excerpt":{"rendered":"<p>Herzlich willkommen bei unserer Reitabteilung! Bei uns steht die Freude am Pferd im Mittelpunkt \u2013 egal ob im klassischen Reitsport oder im spielerischen Bereich des Hobby Horsings. Gemeinsam m\u00f6chten wir einen Ort schaffen, an dem Kinder, Jugendliche und Erwachsene ihre<\/p>\n","protected":false},"author":3,"featured_media":0,"parent":272,"menu_order":0,"comment_status":"closed","ping_status":"closed","template":"","meta":{"footnotes":""},"class_list":["post-1082","page","type-page","status-publish","hentry"],"_links":{"self":[{"href":"https:\/\/www.tsvplattling.de\/index.php\/wp-json\/wp\/v2\/pages\/1082","targetHints":{"allow":["GET"]}}],"collection":[{"href":"https:\/\/www.tsvplattling.de\/index.php\/wp-json\/wp\/v2\/pages"}],"about":[{"href":"https:\/\/www.tsvplattling.de\/index.php\/wp-json\/wp\/v2\/types\/page"}],"author":[{"embeddable":true,"href":"https:\/\/www.tsvplattling.de\/index.php\/wp-json\/wp\/v2\/users\/3"}],"replies":[{"embeddable":true,"href":"https:\/\/www.tsvplattling.de\/index.php\/wp-json\/wp\/v2\/comments?post=1082"}],"version-history":[{"count":15,"href":"https:\/\/www.tsvplattling.de\/index.php\/wp-json\/wp\/v2\/pages\/1082\/revisions"}],"predecessor-version":[{"id":3592,"href":"https:\/\/www.tsvplattling.de\/index.php\/wp-json\/wp\/v2\/pages\/1082\/revisions\/3592"}],"up":[{"embeddable":true,"href":"https:\/\/www.tsvplattling.de\/index.php\/wp-json\/wp\/v2\/pages\/272"}],"wp:attachment":[{"href":"https:\/\/www.tsvplattling.de\/index.php\/wp-json\/wp\/v2\/media?parent=1082"}],"curies":[{"name":"wp","href":"https:\/\/api.w.org\/{rel}","templated":true}]}}