{"id":1079,"date":"2018-01-02T09:31:36","date_gmt":"2018-01-02T08:31:36","guid":{"rendered":"http:\/\/tsvplattling.de\/?page_id=1079"},"modified":"2026-03-29T08:29:58","modified_gmt":"2026-03-29T06:29:58","slug":"voltigieren","status":"publish","type":"page","link":"https:\/\/www.tsvplattling.de\/index.php\/abteilungen\/voltigieren\/","title":{"rendered":"Voltigieren"},"content":{"rendered":"<p><strong>Warum Voltigieren?<\/strong><br \/>\nKinder ab 6 Jahren machen ihre ersten Erfahrungen in Form von turnerisch-gymnastischen \u00dcbungen mit und auf dem Pferd. Entweder als Vorbereitung zum Reiten oder als eigenst\u00e4ndige Sportart. Die sportliche Bet\u00e4tigung wird vom Breitensport bis zum Leistungssport angeboten.<\/p>\n<ul>\n<li>Gesundheitsf\u00fcrsorge &#8211; besonders Haltungssch\u00e4den werden vorgebeugt und zum Teil auch korrigiert.<\/li>\n<li>Verbesserung des Selbstwertgef\u00fchles durch den erforderlichen Mut.<\/li>\n<li>Verantwortungsbewusstsein gegen\u00fcber dem Tier und den Gruppenmitgliedern wird gef\u00f6rdert.<\/li>\n<li>Gesundheitliches, soziales und moralisches Wertebewusstsein werden vermittelt und bieten einen gewissen Schutz vor Suchtmitteln.<\/li>\n<li>Ein gesunder sportlicher Ehrgeiz verhilft vielen Sch\u00fclern auch zu mehr schulischem Erfolg.<\/li>\n<li>Der Voltigiersport verlangt vielseitige Sportler: Elastizit\u00e4t, Reaktionsverm\u00f6gen, St\u00fctz-, Ausdruck- und Sprungkraft werden verbessert.<\/li>\n<li>Dass Ordnung von Vorteil ist, bedarf allerdings der jahrelangen Schulung, aber wir arbeiten auch daran :-).<\/li>\n<\/ul>\n<p><strong>Abteilungsleitung:<\/strong><br \/>\nMaike Schmider<\/p>\n<p><strong>Ansprechpartner f\u00fcr Interessierte oder Fragen:<\/strong><\/p>\n<p>Beatrix Dittrich (stellv. Abteilungsleiterin)<br \/>\nHandy: 0172 8584265<br \/>\nMail: <a href=\"mailto:servusbea@aol.com\">servusbea@aol.com<\/a><\/p>\n<p>Yasmine G\u00f6stl (Jugendwart)<br \/>\nHandy: 0171 4841381<br \/>\nMail: <a href=\"mailto:yasmine.goestl07@web.de\">yasmine.goestl07@web.de<\/a><\/p>\n<p><strong>Trainerteam<\/strong><br \/>\nMaike Dittrich<br \/>\nEvelyn Geldner<br \/>\nIrmgard Senft<\/p>\n<p><strong>Ort<\/strong><br \/>\nReitgel\u00e4nde des TSV Plattling, Georg-Eckl-Stra\u00dfe<br \/>\nZweifachturnhalle Realschule Plattling<\/p>\n<p><a class=\"fbx-link fbx-instance\" href=\"http:\/\/tsvplattling.de\/wp-content\/uploads\/2017\/12\/Voltigieren-1.jpg\"><img loading=\"lazy\" decoding=\"async\" class=\" wp-image-958 aligncenter\" src=\"http:\/\/tsvplattling.de\/wp-content\/uploads\/2017\/12\/Voltigieren-1-300x200.jpg\" alt=\"\" width=\"351\" height=\"234\" srcset=\"https:\/\/www.tsvplattling.de\/wp-content\/uploads\/2017\/12\/Voltigieren-1-300x200.jpg 300w, https:\/\/www.tsvplattling.de\/wp-content\/uploads\/2017\/12\/Voltigieren-1-768x512.jpg 768w, https:\/\/www.tsvplattling.de\/wp-content\/uploads\/2017\/12\/Voltigieren-1.jpg 1024w\" sizes=\"auto, (max-width: 351px) 100vw, 351px\" \/><\/a><\/p>\n","protected":false},"excerpt":{"rendered":"<p>Warum Voltigieren? Kinder ab 6 Jahren machen ihre ersten Erfahrungen in Form von turnerisch-gymnastischen \u00dcbungen mit und auf dem Pferd. Entweder als Vorbereitung zum Reiten oder als eigenst\u00e4ndige Sportart. Die sportliche Bet\u00e4tigung wird vom Breitensport bis zum Leistungssport angeboten. Gesundheitsf\u00fcrsorge<\/p>\n","protected":false},"author":3,"featured_media":0,"parent":272,"menu_order":0,"comment_status":"closed","ping_status":"closed","template":"","meta":{"footnotes":""},"class_list":["post-1079","page","type-page","status-publish","hentry"],"_links":{"self":[{"href":"https:\/\/www.tsvplattling.de\/index.php\/wp-json\/wp\/v2\/pages\/1079","targetHints":{"allow":["GET"]}}],"collection":[{"href":"https:\/\/www.tsvplattling.de\/index.php\/wp-json\/wp\/v2\/pages"}],"about":[{"href":"https:\/\/www.tsvplattling.de\/index.php\/wp-json\/wp\/v2\/types\/page"}],"author":[{"embeddable":true,"href":"https:\/\/www.tsvplattling.de\/index.php\/wp-json\/wp\/v2\/users\/3"}],"replies":[{"embeddable":true,"href":"https:\/\/www.tsvplattling.de\/index.php\/wp-json\/wp\/v2\/comments?post=1079"}],"version-history":[{"count":6,"href":"https:\/\/www.tsvplattling.de\/index.php\/wp-json\/wp\/v2\/pages\/1079\/revisions"}],"predecessor-version":[{"id":3537,"href":"https:\/\/www.tsvplattling.de\/index.php\/wp-json\/wp\/v2\/pages\/1079\/revisions\/3537"}],"up":[{"embeddable":true,"href":"https:\/\/www.tsvplattling.de\/index.php\/wp-json\/wp\/v2\/pages\/272"}],"wp:attachment":[{"href":"https:\/\/www.tsvplattling.de\/index.php\/wp-json\/wp\/v2\/media?parent=1079"}],"curies":[{"name":"wp","href":"https:\/\/api.w.org\/{rel}","templated":true}]}}