{"id":1074,"date":"2018-01-02T09:21:43","date_gmt":"2018-01-02T08:21:43","guid":{"rendered":"http:\/\/tsvplattling.de\/?page_id=1074"},"modified":"2018-01-02T09:24:00","modified_gmt":"2018-01-02T08:24:00","slug":"kanu","status":"publish","type":"page","link":"https:\/\/www.tsvplattling.de\/index.php\/abteilungen\/kanu\/","title":{"rendered":"Kanu"},"content":{"rendered":"<p>Die Kanuabteilung des TSV Plattlings wurde im Rahmen der Kanu Freestyle Europameisterschaft 2016 reaktiviert. Doch der Freestyle Sport soll nicht das einzige Ziel bleiben. Langfristig ist neben der Entwicklung und F\u00f6rderung heimischer Talente die Etablierung des Kanusports als Breitensport in unserer Nibelungenstadt anzustreben.<\/p>\n<p>Regelm\u00e4\u00dfig findet ein w\u00f6chentliches Training an der Isarwelle statt. Neben den Wettkampffahrern haben sich dabei auch schon einige neue Interessenten dem Verein angeschlossen. Die Verzahnung zwischen Freizeit- und Leistungssport gelingt dabei bestens.<\/p>\n<p><strong>Trainingszeiten<\/strong><br \/>\nMittwoch au\u00dferhalb der Ferien von 16:00 &#8211; 20:00 Uhr an der Isarwelle<\/p>\n<p><strong>Ansprechpartner<\/strong><br \/>\nThomas Hinkel<br \/>\nHandy: 0176 2237 0279<br \/>\nMail: <a href=\"mailto:info@thomashinkel.com\">info@thomashinkel.com<\/a><br \/>\n<a href=\"http:\/\/tsvplattling.de\/wp-content\/uploads\/2018\/01\/20160902_175125.jpg\"><img loading=\"lazy\" decoding=\"async\" class=\"wp-image-1076 aligncenter\" src=\"http:\/\/tsvplattling.de\/wp-content\/uploads\/2018\/01\/20160902_175125-300x169.jpg\" alt=\"\" width=\"435\" height=\"245\" srcset=\"https:\/\/www.tsvplattling.de\/wp-content\/uploads\/2018\/01\/20160902_175125-300x169.jpg 300w, https:\/\/www.tsvplattling.de\/wp-content\/uploads\/2018\/01\/20160902_175125-768x432.jpg 768w, https:\/\/www.tsvplattling.de\/wp-content\/uploads\/2018\/01\/20160902_175125.jpg 1024w\" sizes=\"auto, (max-width: 435px) 100vw, 435px\" \/><\/a><\/p>\n","protected":false},"excerpt":{"rendered":"<p>Die Kanuabteilung des TSV Plattlings wurde im Rahmen der Kanu Freestyle Europameisterschaft 2016 reaktiviert. Doch der Freestyle Sport soll nicht das einzige Ziel bleiben. Langfristig ist neben der Entwicklung und F\u00f6rderung heimischer Talente die Etablierung des Kanusports als Breitensport in<\/p>\n","protected":false},"author":3,"featured_media":0,"parent":272,"menu_order":0,"comment_status":"closed","ping_status":"closed","template":"","meta":{"footnotes":""},"class_list":["post-1074","page","type-page","status-publish","hentry"],"_links":{"self":[{"href":"https:\/\/www.tsvplattling.de\/index.php\/wp-json\/wp\/v2\/pages\/1074","targetHints":{"allow":["GET"]}}],"collection":[{"href":"https:\/\/www.tsvplattling.de\/index.php\/wp-json\/wp\/v2\/pages"}],"about":[{"href":"https:\/\/www.tsvplattling.de\/index.php\/wp-json\/wp\/v2\/types\/page"}],"author":[{"embeddable":true,"href":"https:\/\/www.tsvplattling.de\/index.php\/wp-json\/wp\/v2\/users\/3"}],"replies":[{"embeddable":true,"href":"https:\/\/www.tsvplattling.de\/index.php\/wp-json\/wp\/v2\/comments?post=1074"}],"version-history":[{"count":2,"href":"https:\/\/www.tsvplattling.de\/index.php\/wp-json\/wp\/v2\/pages\/1074\/revisions"}],"predecessor-version":[{"id":1078,"href":"https:\/\/www.tsvplattling.de\/index.php\/wp-json\/wp\/v2\/pages\/1074\/revisions\/1078"}],"up":[{"embeddable":true,"href":"https:\/\/www.tsvplattling.de\/index.php\/wp-json\/wp\/v2\/pages\/272"}],"wp:attachment":[{"href":"https:\/\/www.tsvplattling.de\/index.php\/wp-json\/wp\/v2\/media?parent=1074"}],"curies":[{"name":"wp","href":"https:\/\/api.w.org\/{rel}","templated":true}]}}