{"id":1062,"date":"2018-01-02T09:01:23","date_gmt":"2018-01-02T08:01:23","guid":{"rendered":"http:\/\/tsvplattling.de\/?page_id=1062"},"modified":"2018-01-02T09:02:51","modified_gmt":"2018-01-02T08:02:51","slug":"verleihung-2017","status":"publish","type":"page","link":"https:\/\/www.tsvplattling.de\/index.php\/karl-schweizer-gedaechtnispreis\/verleihung-2017\/","title":{"rendered":"Verleihung 2017"},"content":{"rendered":"<p>Meine sehr geehrten Damen und Herren,<br \/>\nverehrte Ehreng\u00e4ste,<br \/>\nliebe Sportlerinnen und Sportler,<\/p>\n<p>den traditionellen Abschluss der Sportlerehrung durch den Stadtsportverband Plattling bietet auch in diesem Jahr wieder die Verleihung des Karl-Schweizer-Ged\u00e4chtnispreises. Dieser Preis ist die h\u00f6chste sportliche Auszeichnung, die der TSV Plattling j\u00e4hrlich an seine besten Sportler verleiht und wird verliehen durch den Ehrenvorsitzenden des TSV Plattling, Herrn Michael Hacker.<\/p>\n<p>Auch in diesem Jahr hat sich der Turnrat des TSV Plattling f\u00fcr zwei Preistr\u00e4ger entschieden, die sich im letzten Sportjahr durch herausragende sportliche Leistungen sowie vorbildliches Verhalten auszeichneten.<\/p>\n<p>Als \u201eUrgestein\u201c in seiner Abteilung ist er seit Jahrzehnten Garant f\u00fcr sportliche Leistungen auf h\u00f6chstem Niveau in seiner Sportart Rollstuhltischtennis. Deutsche Meistertitel en masse und dieses Jahr sogar das Double im Einzel und im Doppel sowie der Meistertitel in der Regionalliga qualifizierten ihn f\u00fcr diese Auszeichnung.<\/p>\n<p>Unsere zweite Preistr\u00e4gerin bestach im Jahr 2017 durch Vielseitigkeit auf allen Ebenen. Sechs Niederbayerische Meistertitel in den unterschiedlichsten Disziplinbl\u00f6cken, n\u00e4mlich im Sprint, im Sprung, im Wurf, in der Staffel und im Mehrkampf, zwei Niederbayerische Rekorde, sowie zahlreiche \u00fcberregionale Erfolge bei Bayerischen und Deutschen Meisterschaften bescherten ihr in der Disziplin Leichtathletik ein wahres Traumjahr.<\/p>\n<p style=\"text-align: center;\">Der Karl-Schweizer-Ged\u00e4chtnispreis 2017 geht an<br \/>\n<strong>Walter Kilger <\/strong>und<strong> Elina Nebl.<\/strong><\/p>\n<p style=\"text-align: center;\"><strong><a href=\"http:\/\/tsvplattling.de\/wp-content\/uploads\/2017\/12\/1120053.jpg\"><img loading=\"lazy\" decoding=\"async\" class=\"alignnone  wp-image-1012\" src=\"http:\/\/tsvplattling.de\/wp-content\/uploads\/2017\/12\/1120053-300x200.jpg\" alt=\"\" width=\"419\" height=\"279\" srcset=\"https:\/\/www.tsvplattling.de\/wp-content\/uploads\/2017\/12\/1120053-300x200.jpg 300w, https:\/\/www.tsvplattling.de\/wp-content\/uploads\/2017\/12\/1120053-768x512.jpg 768w, https:\/\/www.tsvplattling.de\/wp-content\/uploads\/2017\/12\/1120053-1024x683.jpg 1024w\" sizes=\"auto, (max-width: 419px) 100vw, 419px\" \/><\/a><\/strong><\/p>\n","protected":false},"excerpt":{"rendered":"<p>Meine sehr geehrten Damen und Herren, verehrte Ehreng\u00e4ste, liebe Sportlerinnen und Sportler, den traditionellen Abschluss der Sportlerehrung durch den Stadtsportverband Plattling bietet auch in diesem Jahr wieder die Verleihung des Karl-Schweizer-Ged\u00e4chtnispreises. Dieser Preis ist die h\u00f6chste sportliche Auszeichnung, die der<\/p>\n","protected":false},"author":3,"featured_media":0,"parent":105,"menu_order":0,"comment_status":"closed","ping_status":"closed","template":"","meta":{"footnotes":""},"class_list":["post-1062","page","type-page","status-publish","hentry"],"_links":{"self":[{"href":"https:\/\/www.tsvplattling.de\/index.php\/wp-json\/wp\/v2\/pages\/1062","targetHints":{"allow":["GET"]}}],"collection":[{"href":"https:\/\/www.tsvplattling.de\/index.php\/wp-json\/wp\/v2\/pages"}],"about":[{"href":"https:\/\/www.tsvplattling.de\/index.php\/wp-json\/wp\/v2\/types\/page"}],"author":[{"embeddable":true,"href":"https:\/\/www.tsvplattling.de\/index.php\/wp-json\/wp\/v2\/users\/3"}],"replies":[{"embeddable":true,"href":"https:\/\/www.tsvplattling.de\/index.php\/wp-json\/wp\/v2\/comments?post=1062"}],"version-history":[{"count":4,"href":"https:\/\/www.tsvplattling.de\/index.php\/wp-json\/wp\/v2\/pages\/1062\/revisions"}],"predecessor-version":[{"id":1066,"href":"https:\/\/www.tsvplattling.de\/index.php\/wp-json\/wp\/v2\/pages\/1062\/revisions\/1066"}],"up":[{"embeddable":true,"href":"https:\/\/www.tsvplattling.de\/index.php\/wp-json\/wp\/v2\/pages\/105"}],"wp:attachment":[{"href":"https:\/\/www.tsvplattling.de\/index.php\/wp-json\/wp\/v2\/media?parent=1062"}],"curies":[{"name":"wp","href":"https:\/\/api.w.org\/{rel}","templated":true}]}}